{"id":2094,"date":"2024-05-27T16:58:01","date_gmt":"2024-05-27T16:58:01","guid":{"rendered":"https:\/\/loc.bitcoin-nova.com\/contact-us\/"},"modified":"2024-05-30T17:44:18","modified_gmt":"2024-05-30T17:44:18","slug":"contact-us","status":"publish","type":"page","link":"https:\/\/bitcoin-nova.com\/tr\/contact-us\/","title":{"rendered":"Bize Ula\u015f\u0131n"},"content":{"rendered":"<div>\n<h1>\u0130leti\u015fim  Bitcoin Nova<\/h1>\n<p>Sorular\u0131n\u0131z oldu\u011funda, yard\u0131ma ihtiya\u00e7 duydu\u011funuzda veya geri bildirimde bulunmak istedi\u011finizde ekibimiz size yard\u0131mc\u0131 olmak i\u00e7in burada. Bizimle ileti\u015fime ge\u00e7mek i\u00e7in l\u00fctfen a\u015fa\u011f\u0131daki bilgileri kullan\u0131n.<\/p>\n<\/div>\n<div>\n<h4>Posta Adresi<\/h4>\n<p><span data-sheets-formula-bar-text-style=\"font-size:13px;color:#000000;font-weight:normal;text-decoration:none;font-family:'Arial';font-style:normal;text-decoration-skip-ink:none;\">Friesenpl. 4\/Kat 6<\/span><br \/>\n<span data-sheets-formula-bar-text-style=\"font-size:13px;color:#000000;font-weight:normal;text-decoration:none;font-family:'Arial';font-style:normal;text-decoration-skip-ink:none;\">K\u00f6ln<\/span><br \/>\n<span data-sheets-formula-bar-text-style=\"font-size:13px;color:#000000;font-weight:normal;text-decoration:none;font-family:'Arial';font-style:normal;text-decoration-skip-ink:none;\">Almanya<\/span><br \/>\n<span data-sheets-formula-bar-text-style=\"font-size:13px;color:#000000;font-weight:normal;text-decoration:none;font-family:'Arial';font-style:normal;text-decoration-skip-ink:none;\">50672<\/span><\/p>\n<h4>Ticari Sorular<\/h4>\n<p>Ortakl\u0131k f\u0131rsatlar\u0131, medya sorular\u0131 veya i\u015fle ilgili di\u011fer konular i\u00e7in l\u00fctfen bizimle ileti\u015fime ge\u00e7in:<br \/>\n<a href=\"mailto:business@bitcoin-nova.com\">business@bitcoin-nova.com<\/a><\/p>\n<h4>E-posta Deste\u011fi<\/h4>\n<p>Sorular\u0131n\u0131z veya destek talepleriniz i\u00e7in l\u00fctfen bize e-posta g\u00f6nderin:<br \/>\n<a href=\"mailto:support@bitcoin-nova.com\">support@bitcoin-nova.com<\/a><\/p>\n<\/div>\n","protected":false},"excerpt":{"rendered":"<p>\u0130leti\u015fim Sorular\u0131n\u0131z oldu\u011funda, yard\u0131ma ihtiya\u00e7 duydu\u011funuzda veya geri bildirimde bulunmak istedi\u011finizde ekibimiz size yard\u0131mc\u0131 olmak i\u00e7in burada. Bizimle ileti\u015fime ge\u00e7mek i\u00e7in l\u00fctfen a\u015fa\u011f\u0131daki bilgileri kullan\u0131n. Posta Adresi Friesenpl. 4\/Kat 6 K\u00f6ln Almanya 50672 Ticari Sorular Ortakl\u0131k f\u0131rsatlar\u0131, medya sorular\u0131 veya i\u015fle ilgili di\u011fer konular i\u00e7in l\u00fctfen bizimle ileti\u015fime ge\u00e7in: business@bitcoin-nova.com E-posta Deste\u011fi Sorular\u0131n\u0131z veya destek [&hellip;]<\/p>\n","protected":false},"author":2,"featured_media":0,"parent":0,"menu_order":0,"comment_status":"closed","ping_status":"closed","template":"page-contact.php","meta":{"footnotes":""},"class_list":["post-2094","page","type-page","status-publish","hentry"],"yoast_head":"<!-- This site is optimized with the Yoast SEO plugin v23.0 - https:\/\/yoast.com\/wordpress\/plugins\/seo\/ -->\n<title>Bitcoin Nova \u2122 | Offici\u00eble website 2026 | Claim nu!<\/title>\n<meta name=\"robots\" content=\"index, follow, max-snippet:-1, max-image-preview:large, max-video-preview:-1\" \/>\n<meta property=\"og:locale\" content=\"tr_TR\" \/>\n<meta property=\"og:site_name\" content=\"Bitcoin Nova\" \/>\n<meta property=\"article:modified_time\" content=\"2024-05-30T17:44:18+00:00\" \/>\n<meta name=\"twitter:card\" content=\"summary_large_image\" \/>\n<meta name=\"twitter:label1\" content=\"Tahmini okuma s\u00fcresi\" \/>\n\t<meta name=\"twitter:data1\" content=\"1 dakika\" \/>\n<!-- \/ Yoast SEO plugin. -->","yoast_head_json":{"title":"Bitcoin Nova \u2122 | Offici\u00eble website 2026 | Claim nu!","robots":{"index":"index","follow":"follow","max-snippet":"max-snippet:-1","max-image-preview":"max-image-preview:large","max-video-preview":"max-video-preview:-1"},"og_locale":"tr_TR","og_site_name":"Bitcoin Nova","article_modified_time":"2024-05-30T17:44:18+00:00","twitter_card":"summary_large_image","twitter_misc":{"Tahmini okuma s\u00fcresi":"1 dakika"},"schema":{"@context":"https:\/\/schema.org","@graph":[{"@type":"WebPage","@id":"https:\/\/bitcoin-nova.com\/tr\/contact-us\/","url":"https:\/\/bitcoin-nova.com\/tr\/contact-us\/","name":"Bize Ula\u015f\u0131n - Bitcoin Nova","isPartOf":{"@id":"https:\/\/bitcoin-nova.com\/#website"},"datePublished":"2024-05-27T16:58:01+00:00","dateModified":"2024-05-30T17:44:18+00:00","breadcrumb":{"@id":"https:\/\/bitcoin-nova.com\/tr\/contact-us\/#breadcrumb"},"inLanguage":"tr","potentialAction":[{"@type":"ReadAction","target":["https:\/\/bitcoin-nova.com\/tr\/contact-us\/"]}]},{"@type":"BreadcrumbList","@id":"https:\/\/bitcoin-nova.com\/tr\/contact-us\/#breadcrumb","itemListElement":[{"@type":"ListItem","position":1,"name":"Home","item":"https:\/\/bitcoin-nova.com\/"},{"@type":"ListItem","position":2,"name":"Bize Ula\u015f\u0131n"}]},{"@type":"WebSite","@id":"https:\/\/bitcoin-nova.com\/#website","url":"https:\/\/bitcoin-nova.com\/","name":"Bitcoin Nova","description":"","potentialAction":[{"@type":"SearchAction","target":{"@type":"EntryPoint","urlTemplate":"https:\/\/bitcoin-nova.com\/?s={search_term_string}"},"query-input":"required name=search_term_string"}],"inLanguage":"tr"}]}},"_links":{"self":[{"href":"https:\/\/bitcoin-nova.com\/tr\/wp-json\/wp\/v2\/pages\/2094","targetHints":{"allow":["GET"]}}],"collection":[{"href":"https:\/\/bitcoin-nova.com\/tr\/wp-json\/wp\/v2\/pages"}],"about":[{"href":"https:\/\/bitcoin-nova.com\/tr\/wp-json\/wp\/v2\/types\/page"}],"author":[{"embeddable":true,"href":"https:\/\/bitcoin-nova.com\/tr\/wp-json\/wp\/v2\/users\/2"}],"replies":[{"embeddable":true,"href":"https:\/\/bitcoin-nova.com\/tr\/wp-json\/wp\/v2\/comments?post=2094"}],"version-history":[{"count":6,"href":"https:\/\/bitcoin-nova.com\/tr\/wp-json\/wp\/v2\/pages\/2094\/revisions"}],"predecessor-version":[{"id":2538,"href":"https:\/\/bitcoin-nova.com\/tr\/wp-json\/wp\/v2\/pages\/2094\/revisions\/2538"}],"wp:attachment":[{"href":"https:\/\/bitcoin-nova.com\/tr\/wp-json\/wp\/v2\/media?parent=2094"}],"curies":[{"name":"wp","href":"https:\/\/api.w.org\/{rel}","templated":true}]}}