{"id":2883,"date":"2024-05-27T16:57:39","date_gmt":"2024-05-27T16:57:39","guid":{"rendered":"https:\/\/bitcoin-nova.com\/about-us\/"},"modified":"2024-05-31T10:38:05","modified_gmt":"2024-05-31T10:38:05","slug":"about-us","status":"publish","type":"page","link":"https:\/\/bitcoin-nova.com\/sv\/about-us\/","title":{"rendered":"Om oss"},"content":{"rendered":"<div>\n<h1 style=\"text-align: center;\">Teamet bakom Bitcoin Nova<\/h1>\n<p class=\"whitespace-pre-wrap break-words\"><strong>Bitcoin Nova<\/strong> f\u00f6ddes ur ett team av erfarna handlare och kvantitativa analytiker som utvecklade sofistikerade algoritmer f\u00f6r att optimera handeln med kryptovalutor. Dessa algoritmer bearbetar stora datam\u00e4ngder, identifierar m\u00f6nster och fattar exakta beslut f\u00f6r att hantera risker och utnyttja m\u00f6jligheter.<\/p>\n<p class=\"whitespace-pre-wrap break-words\">Bitcoin Synergy anv\u00e4ndes ursprungligen f\u00f6r teamets personliga handel, men de ins\u00e5g snart att det fanns potential att revolutionera kryptohandeln f\u00f6r alla investerare. Genom att dela sin plattform str\u00e4var de efter att st\u00e4rka handlare med banbrytande teknik och datadrivna insikter.<\/p>\n<p class=\"whitespace-pre-wrap break-words\">Bitcoin Synergy kombinerar expertisen hos erfarna handlare och de b\u00e4sta kvantitativa analytikerna f\u00f6r att navigera p\u00e5 de komplexa kryptomarknaderna och leverera konsekvent l\u00f6nsamhet till anv\u00e4ndarna. Upplev kraften i avancerade algoritmer och handelskompetens med <strong>Bitcoin Nova.<\/strong><\/p>\n<\/div>\n<div style=\"text-align: center;\">\n<h2>Vem b\u00f6r anv\u00e4nda Bitcoin Nova?<\/h2>\n<p class=\"whitespace-pre-wrap break-words\">Bitcoin Nova \u00e4r en banbrytande handelsplattform utformad f\u00f6r handlare och investerare som s\u00f6ker en konkurrensf\u00f6rdel p\u00e5 den of\u00f6ruts\u00e4gbara kryptovalutamarknaden. Med en omfattande upps\u00e4ttning verktyg, marknadsinformation i realtid och avancerad analys g\u00f6r Bitcoin Nova det m\u00f6jligt f\u00f6r anv\u00e4ndare att fatta v\u00e4lgrundade beslut och dra nytta av nya m\u00f6jligheter.<\/p>\n<p class=\"whitespace-pre-wrap break-words\">Med hj\u00e4lp av sofistikerade algoritmer och maskininl\u00e4rning analyserar Bitcoin Nova stora m\u00e4ngder marknadsdata f\u00f6r att identifiera m\u00f6nster och trender, vilket ger handlingsbara insikter och prediktiva modeller. Plattformen erbjuder anpassningsbara handelsverktyg, fr\u00e5n automatiserade algoritmer till avancerade orderhanteringssystem, vilket g\u00f6r det m\u00f6jligt f\u00f6r handlare att optimera sina strategier baserat p\u00e5 personliga preferenser och riskprofiler.<\/p>\n<p class=\"whitespace-pre-wrap break-words\">Bitcoin Nova tillhandah\u00e5ller ocks\u00e5 utbildningsresurser, marknadsanalyser och expertinsikter f\u00f6r att hj\u00e4lpa handlare att navigera i kryptomarknadens komplexitet och fatta v\u00e4lgrundade beslut. Oavsett om du \u00e4r en erfaren trader eller ny i kryptovalutornas v\u00e4rld erbjuder Bitcoin Nova de verktyg och den kunskap som kr\u00e4vs f\u00f6r att ligga steget f\u00f6re marknaden och uppn\u00e5 dina finansiella m\u00e5l.<\/p>\n<\/div>\n<div>\n<\/div>\n","protected":false},"excerpt":{"rendered":"<p>Teamet bakom f\u00f6ddes ur ett team av erfarna handlare och kvantitativa analytiker som utvecklade sofistikerade algoritmer f\u00f6r att optimera handeln med kryptovalutor. Dessa algoritmer bearbetar stora datam\u00e4ngder, identifierar m\u00f6nster och fattar exakta beslut f\u00f6r att hantera risker och utnyttja m\u00f6jligheter. Bitcoin Synergy anv\u00e4ndes ursprungligen f\u00f6r teamets personliga handel, men de ins\u00e5g snart att det fanns [&hellip;]<\/p>\n","protected":false},"author":2,"featured_media":0,"parent":0,"menu_order":0,"comment_status":"closed","ping_status":"closed","template":"page-about.php","meta":{"footnotes":""},"class_list":["post-2883","page","type-page","status-publish","hentry"],"yoast_head":"<!-- This site is optimized with the Yoast SEO plugin v23.0 - https:\/\/yoast.com\/wordpress\/plugins\/seo\/ -->\n<title>Bitcoin Nova \u2122 | Offici\u00eble website 2026 | Claim nu!<\/title>\n<meta name=\"robots\" content=\"index, follow, max-snippet:-1, max-image-preview:large, max-video-preview:-1\" \/>\n<meta property=\"og:locale\" content=\"sv_SE\" \/>\n<meta property=\"og:site_name\" content=\"Bitcoin Nova\" \/>\n<meta property=\"article:modified_time\" content=\"2024-05-31T10:38:05+00:00\" \/>\n<meta name=\"twitter:card\" content=\"summary_large_image\" \/>\n<meta name=\"twitter:label1\" content=\"Ber\u00e4knad l\u00e4stid\" \/>\n\t<meta name=\"twitter:data1\" content=\"2 minuter\" \/>\n<!-- \/ Yoast SEO plugin. -->","yoast_head_json":{"title":"Bitcoin Nova \u2122 | Offici\u00eble website 2026 | Claim nu!","robots":{"index":"index","follow":"follow","max-snippet":"max-snippet:-1","max-image-preview":"max-image-preview:large","max-video-preview":"max-video-preview:-1"},"og_locale":"sv_SE","og_site_name":"Bitcoin Nova","article_modified_time":"2024-05-31T10:38:05+00:00","twitter_card":"summary_large_image","twitter_misc":{"Ber\u00e4knad l\u00e4stid":"2 minuter"},"schema":{"@context":"https:\/\/schema.org","@graph":[{"@type":"WebPage","@id":"https:\/\/bitcoin-nova.com\/about-us\/","url":"https:\/\/bitcoin-nova.com\/about-us\/","name":"Om oss - Bitcoin Nova","isPartOf":{"@id":"https:\/\/bitcoin-nova.com\/#website"},"datePublished":"2024-05-27T16:57:39+00:00","dateModified":"2024-05-31T10:38:05+00:00","breadcrumb":{"@id":"https:\/\/bitcoin-nova.com\/about-us\/#breadcrumb"},"inLanguage":"sv-SE","potentialAction":[{"@type":"ReadAction","target":["https:\/\/bitcoin-nova.com\/about-us\/"]}]},{"@type":"BreadcrumbList","@id":"https:\/\/bitcoin-nova.com\/about-us\/#breadcrumb","itemListElement":[{"@type":"ListItem","position":1,"name":"Home","item":"https:\/\/bitcoin-nova.com\/"},{"@type":"ListItem","position":2,"name":"Om oss"}]},{"@type":"WebSite","@id":"https:\/\/bitcoin-nova.com\/#website","url":"https:\/\/bitcoin-nova.com\/","name":"Bitcoin Nova","description":"","potentialAction":[{"@type":"SearchAction","target":{"@type":"EntryPoint","urlTemplate":"https:\/\/bitcoin-nova.com\/?s={search_term_string}"},"query-input":"required name=search_term_string"}],"inLanguage":"sv-SE"}]}},"_links":{"self":[{"href":"https:\/\/bitcoin-nova.com\/sv\/wp-json\/wp\/v2\/pages\/2883","targetHints":{"allow":["GET"]}}],"collection":[{"href":"https:\/\/bitcoin-nova.com\/sv\/wp-json\/wp\/v2\/pages"}],"about":[{"href":"https:\/\/bitcoin-nova.com\/sv\/wp-json\/wp\/v2\/types\/page"}],"author":[{"embeddable":true,"href":"https:\/\/bitcoin-nova.com\/sv\/wp-json\/wp\/v2\/users\/2"}],"replies":[{"embeddable":true,"href":"https:\/\/bitcoin-nova.com\/sv\/wp-json\/wp\/v2\/comments?post=2883"}],"version-history":[{"count":1,"href":"https:\/\/bitcoin-nova.com\/sv\/wp-json\/wp\/v2\/pages\/2883\/revisions"}],"predecessor-version":[{"id":2895,"href":"https:\/\/bitcoin-nova.com\/sv\/wp-json\/wp\/v2\/pages\/2883\/revisions\/2895"}],"wp:attachment":[{"href":"https:\/\/bitcoin-nova.com\/sv\/wp-json\/wp\/v2\/media?parent=2883"}],"curies":[{"name":"wp","href":"https:\/\/api.w.org\/{rel}","templated":true}]}}