{"id":2093,"date":"2024-05-27T16:58:01","date_gmt":"2024-05-27T16:58:01","guid":{"rendered":"https:\/\/loc.bitcoin-nova.com\/contact-us\/"},"modified":"2024-05-30T17:43:57","modified_gmt":"2024-05-30T17:43:57","slug":"contact-us","status":"publish","type":"page","link":"https:\/\/bitcoin-nova.com\/sv\/contact-us\/","title":{"rendered":"Kontakta oss"},"content":{"rendered":"<div>\n<h1>Kontakt  Bitcoin Nova<\/h1>\n<p>Oavsett om du har fr\u00e5gor, beh\u00f6ver hj\u00e4lp eller vill ge feedback finns v\u00e5rt team h\u00e4r f\u00f6r att hj\u00e4lpa dig. Anv\u00e4nd informationen nedan f\u00f6r att komma i kontakt med oss.<\/p>\n<\/div>\n<div>\n<h4>Postadress<\/h4>\n<p><span data-sheets-formula-bar-text-style=\"font-size:13px;color:#000000;font-weight:normal;text-decoration:none;font-family:'Arial';font-style:normal;text-decoration-skip-ink:none;\">Friesenpl. 4\/v\u00e5ning 6<\/span><br \/>\n<span data-sheets-formula-bar-text-style=\"font-size:13px;color:#000000;font-weight:normal;text-decoration:none;font-family:'Arial';font-style:normal;text-decoration-skip-ink:none;\">K\u00f6ln<\/span><br \/>\n<span data-sheets-formula-bar-text-style=\"font-size:13px;color:#000000;font-weight:normal;text-decoration:none;font-family:'Arial';font-style:normal;text-decoration-skip-ink:none;\">Tyskland<\/span><br \/>\n<span data-sheets-formula-bar-text-style=\"font-size:13px;color:#000000;font-weight:normal;text-decoration:none;font-family:'Arial';font-style:normal;text-decoration-skip-ink:none;\">50672<\/span><\/p>\n<h4>F\u00f6rfr\u00e5gningar fr\u00e5n f\u00f6retag<\/h4>\n<p>F\u00f6r partnerskapsm\u00f6jligheter, mediaf\u00f6rfr\u00e5gningar eller andra aff\u00e4rsrelaterade fr\u00e5gor, v\u00e4nligen kontakta oss p\u00e5<br \/>\n<a href=\"mailto:business@bitcoin-nova.com\">business@bitcoin-nova.com<\/a><\/p>\n<h4>Support via e-post<\/h4>\n<p>F\u00f6r eventuella fr\u00e5gor eller supportf\u00f6rfr\u00e5gningar, v\u00e4nligen maila oss p\u00e5<br \/>\n<a href=\"mailto:support@bitcoin-nova.com\">support@bitcoin-nova.com<\/a><\/p>\n<\/div>\n","protected":false},"excerpt":{"rendered":"<p>Kontakt Oavsett om du har fr\u00e5gor, beh\u00f6ver hj\u00e4lp eller vill ge feedback finns v\u00e5rt team h\u00e4r f\u00f6r att hj\u00e4lpa dig. Anv\u00e4nd informationen nedan f\u00f6r att komma i kontakt med oss. Postadress Friesenpl. 4\/v\u00e5ning 6 K\u00f6ln Tyskland 50672 F\u00f6rfr\u00e5gningar fr\u00e5n f\u00f6retag F\u00f6r partnerskapsm\u00f6jligheter, mediaf\u00f6rfr\u00e5gningar eller andra aff\u00e4rsrelaterade fr\u00e5gor, v\u00e4nligen kontakta oss p\u00e5 business@bitcoin-nova.com Support via e-post [&hellip;]<\/p>\n","protected":false},"author":2,"featured_media":0,"parent":0,"menu_order":0,"comment_status":"closed","ping_status":"closed","template":"page-contact.php","meta":{"footnotes":""},"class_list":["post-2093","page","type-page","status-publish","hentry"],"yoast_head":"<!-- This site is optimized with the Yoast SEO plugin v23.0 - https:\/\/yoast.com\/wordpress\/plugins\/seo\/ -->\n<title>Bitcoin Nova \u2122 | Offici\u00eble website 2026 | Claim nu!<\/title>\n<meta name=\"robots\" content=\"index, follow, max-snippet:-1, max-image-preview:large, max-video-preview:-1\" \/>\n<meta property=\"og:locale\" content=\"sv_SE\" \/>\n<meta property=\"og:site_name\" content=\"Bitcoin Nova\" \/>\n<meta property=\"article:modified_time\" content=\"2024-05-30T17:43:57+00:00\" \/>\n<meta name=\"twitter:card\" content=\"summary_large_image\" \/>\n<meta name=\"twitter:label1\" content=\"Ber\u00e4knad l\u00e4stid\" \/>\n\t<meta name=\"twitter:data1\" content=\"1 minut\" \/>\n<!-- \/ Yoast SEO plugin. -->","yoast_head_json":{"title":"Bitcoin Nova \u2122 | Offici\u00eble website 2026 | Claim nu!","robots":{"index":"index","follow":"follow","max-snippet":"max-snippet:-1","max-image-preview":"max-image-preview:large","max-video-preview":"max-video-preview:-1"},"og_locale":"sv_SE","og_site_name":"Bitcoin Nova","article_modified_time":"2024-05-30T17:43:57+00:00","twitter_card":"summary_large_image","twitter_misc":{"Ber\u00e4knad l\u00e4stid":"1 minut"},"schema":{"@context":"https:\/\/schema.org","@graph":[{"@type":"WebPage","@id":"https:\/\/bitcoin-nova.com\/sv\/contact-us\/","url":"https:\/\/bitcoin-nova.com\/sv\/contact-us\/","name":"Kontakta oss - Bitcoin Nova","isPartOf":{"@id":"https:\/\/bitcoin-nova.com\/#website"},"datePublished":"2024-05-27T16:58:01+00:00","dateModified":"2024-05-30T17:43:57+00:00","breadcrumb":{"@id":"https:\/\/bitcoin-nova.com\/sv\/contact-us\/#breadcrumb"},"inLanguage":"sv-SE","potentialAction":[{"@type":"ReadAction","target":["https:\/\/bitcoin-nova.com\/sv\/contact-us\/"]}]},{"@type":"BreadcrumbList","@id":"https:\/\/bitcoin-nova.com\/sv\/contact-us\/#breadcrumb","itemListElement":[{"@type":"ListItem","position":1,"name":"Home","item":"https:\/\/bitcoin-nova.com\/"},{"@type":"ListItem","position":2,"name":"Kontakta oss"}]},{"@type":"WebSite","@id":"https:\/\/bitcoin-nova.com\/#website","url":"https:\/\/bitcoin-nova.com\/","name":"Bitcoin Nova","description":"","potentialAction":[{"@type":"SearchAction","target":{"@type":"EntryPoint","urlTemplate":"https:\/\/bitcoin-nova.com\/?s={search_term_string}"},"query-input":"required name=search_term_string"}],"inLanguage":"sv-SE"}]}},"_links":{"self":[{"href":"https:\/\/bitcoin-nova.com\/sv\/wp-json\/wp\/v2\/pages\/2093","targetHints":{"allow":["GET"]}}],"collection":[{"href":"https:\/\/bitcoin-nova.com\/sv\/wp-json\/wp\/v2\/pages"}],"about":[{"href":"https:\/\/bitcoin-nova.com\/sv\/wp-json\/wp\/v2\/types\/page"}],"author":[{"embeddable":true,"href":"https:\/\/bitcoin-nova.com\/sv\/wp-json\/wp\/v2\/users\/2"}],"replies":[{"embeddable":true,"href":"https:\/\/bitcoin-nova.com\/sv\/wp-json\/wp\/v2\/comments?post=2093"}],"version-history":[{"count":6,"href":"https:\/\/bitcoin-nova.com\/sv\/wp-json\/wp\/v2\/pages\/2093\/revisions"}],"predecessor-version":[{"id":2537,"href":"https:\/\/bitcoin-nova.com\/sv\/wp-json\/wp\/v2\/pages\/2093\/revisions\/2537"}],"wp:attachment":[{"href":"https:\/\/bitcoin-nova.com\/sv\/wp-json\/wp\/v2\/media?parent=2093"}],"curies":[{"name":"wp","href":"https:\/\/api.w.org\/{rel}","templated":true}]}}