{"id":2091,"date":"2024-05-27T16:58:01","date_gmt":"2024-05-27T16:58:01","guid":{"rendered":"https:\/\/loc.bitcoin-nova.com\/contact-us\/"},"modified":"2024-05-29T18:25:07","modified_gmt":"2024-05-29T18:25:07","slug":"contact-us","status":"publish","type":"page","link":"https:\/\/bitcoin-nova.com\/pt-pt\/contact-us\/","title":{"rendered":"Contacta-nos"},"content":{"rendered":"<div>\n<h1>Entra em contacto com  Bitcoin Nova<\/h1>\n<p>Em Bitcoin Nova, estamos empenhados em fornecer um apoio excecional e garantir que tens a melhor experi\u00eancia de negocia\u00e7\u00e3o poss\u00edvel. Se tiveres d\u00favidas, precisares de assist\u00eancia ou quiseres dar feedback, a nossa equipa est\u00e1 aqui para ajudar. Utiliza as informa\u00e7\u00f5es abaixo para entrar em contacto connosco.<\/p>\n<\/div>\n<div>\n<h4>Endere\u00e7o para correspond\u00eancia<\/h4>\n<p><span data-sheets-formula-bar-text-style=\"font-size:13px;color:#000000;font-weight:normal;text-decoration:none;font-family:'Arial';font-style:normal;text-decoration-skip-ink:none;\">Bahnhofplatz 10B<\/span><br \/>\n<span data-sheets-formula-bar-text-style=\"font-size:13px;color:#000000;font-weight:normal;text-decoration:none;font-family:'Arial';font-style:normal;text-decoration-skip-ink:none;\">Berna<\/span><br \/>\n<span data-sheets-formula-bar-text-style=\"font-size:13px;color:#000000;font-weight:normal;text-decoration:none;font-family:'Arial';font-style:normal;text-decoration-skip-ink:none;\">Su\u00ed\u00e7a<\/span><br \/>\n<span data-sheets-formula-bar-text-style=\"font-size:13px;color:#000000;font-weight:normal;text-decoration:none;font-family:'Arial';font-style:normal;text-decoration-skip-ink:none;\">3011<\/span><\/p>\n<h4>Pedidos de informa\u00e7\u00e3o comercial<\/h4>\n<p>Para oportunidades de parceria, quest\u00f5es relacionadas com a comunica\u00e7\u00e3o social ou outros assuntos relacionados com o neg\u00f3cio, contacta-nos atrav\u00e9s de<br \/>\n<a href=\"mailto:business@bitcoin-nova.com\">business@bitcoin-nova.com<\/a><\/p>\n<h4>Suporte por e-mail<\/h4>\n<p>Para quaisquer quest\u00f5es ou pedidos de apoio, envia-nos um e-mail para:<br \/>\n<a href=\"mailto:support@bitcoin-nova.com\">support@bitcoin-nova.com<\/a><\/p>\n<\/div>\n","protected":false},"excerpt":{"rendered":"<p>Entra em contacto com Em , estamos empenhados em fornecer um apoio excecional e garantir que tens a melhor experi\u00eancia de negocia\u00e7\u00e3o poss\u00edvel. Se tiveres d\u00favidas, precisares de assist\u00eancia ou quiseres dar feedback, a nossa equipa est\u00e1 aqui para ajudar. Utiliza as informa\u00e7\u00f5es abaixo para entrar em contacto connosco. Endere\u00e7o para correspond\u00eancia Bahnhofplatz 10B Berna [&hellip;]<\/p>\n","protected":false},"author":2,"featured_media":0,"parent":0,"menu_order":0,"comment_status":"closed","ping_status":"closed","template":"page-contact.php","meta":{"footnotes":""},"class_list":["post-2091","page","type-page","status-publish","hentry"],"yoast_head":"<!-- This site is optimized with the Yoast SEO plugin v23.0 - https:\/\/yoast.com\/wordpress\/plugins\/seo\/ -->\n<title>Bitcoin Nova \u2122 | Offici\u00eble website 2026 | Claim nu!<\/title>\n<meta name=\"robots\" content=\"index, follow, max-snippet:-1, max-image-preview:large, max-video-preview:-1\" \/>\n<meta property=\"og:locale\" content=\"pt_PT\" \/>\n<meta property=\"og:site_name\" content=\"Bitcoin Nova\" \/>\n<meta property=\"article:modified_time\" content=\"2024-05-29T18:25:07+00:00\" \/>\n<meta name=\"twitter:card\" content=\"summary_large_image\" \/>\n<meta name=\"twitter:label1\" content=\"Tempo estimado de leitura\" \/>\n\t<meta name=\"twitter:data1\" content=\"1 minuto\" \/>\n<!-- \/ Yoast SEO plugin. -->","yoast_head_json":{"title":"Bitcoin Nova \u2122 | Offici\u00eble website 2026 | Claim nu!","robots":{"index":"index","follow":"follow","max-snippet":"max-snippet:-1","max-image-preview":"max-image-preview:large","max-video-preview":"max-video-preview:-1"},"og_locale":"pt_PT","og_site_name":"Bitcoin Nova","article_modified_time":"2024-05-29T18:25:07+00:00","twitter_card":"summary_large_image","twitter_misc":{"Tempo estimado de leitura":"1 minuto"},"schema":{"@context":"https:\/\/schema.org","@graph":[{"@type":"WebPage","@id":"https:\/\/bitcoin-nova.com\/pt-pt\/contact-us\/","url":"https:\/\/bitcoin-nova.com\/pt-pt\/contact-us\/","name":"Contacta-nos - Bitcoin Nova","isPartOf":{"@id":"https:\/\/bitcoin-nova.com\/#website"},"datePublished":"2024-05-27T16:58:01+00:00","dateModified":"2024-05-29T18:25:07+00:00","breadcrumb":{"@id":"https:\/\/bitcoin-nova.com\/pt-pt\/contact-us\/#breadcrumb"},"inLanguage":"pt-PT","potentialAction":[{"@type":"ReadAction","target":["https:\/\/bitcoin-nova.com\/pt-pt\/contact-us\/"]}]},{"@type":"BreadcrumbList","@id":"https:\/\/bitcoin-nova.com\/pt-pt\/contact-us\/#breadcrumb","itemListElement":[{"@type":"ListItem","position":1,"name":"Home","item":"https:\/\/bitcoin-nova.com\/"},{"@type":"ListItem","position":2,"name":"Contacta-nos"}]},{"@type":"WebSite","@id":"https:\/\/bitcoin-nova.com\/#website","url":"https:\/\/bitcoin-nova.com\/","name":"Bitcoin Nova","description":"","potentialAction":[{"@type":"SearchAction","target":{"@type":"EntryPoint","urlTemplate":"https:\/\/bitcoin-nova.com\/?s={search_term_string}"},"query-input":"required name=search_term_string"}],"inLanguage":"pt-PT"}]}},"_links":{"self":[{"href":"https:\/\/bitcoin-nova.com\/pt-pt\/wp-json\/wp\/v2\/pages\/2091","targetHints":{"allow":["GET"]}}],"collection":[{"href":"https:\/\/bitcoin-nova.com\/pt-pt\/wp-json\/wp\/v2\/pages"}],"about":[{"href":"https:\/\/bitcoin-nova.com\/pt-pt\/wp-json\/wp\/v2\/types\/page"}],"author":[{"embeddable":true,"href":"https:\/\/bitcoin-nova.com\/pt-pt\/wp-json\/wp\/v2\/users\/2"}],"replies":[{"embeddable":true,"href":"https:\/\/bitcoin-nova.com\/pt-pt\/wp-json\/wp\/v2\/comments?post=2091"}],"version-history":[{"count":5,"href":"https:\/\/bitcoin-nova.com\/pt-pt\/wp-json\/wp\/v2\/pages\/2091\/revisions"}],"predecessor-version":[{"id":2376,"href":"https:\/\/bitcoin-nova.com\/pt-pt\/wp-json\/wp\/v2\/pages\/2091\/revisions\/2376"}],"wp:attachment":[{"href":"https:\/\/bitcoin-nova.com\/pt-pt\/wp-json\/wp\/v2\/media?parent=2091"}],"curies":[{"name":"wp","href":"https:\/\/api.w.org\/{rel}","templated":true}]}}