{"id":2880,"date":"2024-05-27T16:57:39","date_gmt":"2024-05-27T16:57:39","guid":{"rendered":"https:\/\/bitcoin-nova.com\/about-us\/"},"modified":"2024-05-31T10:38:03","modified_gmt":"2024-05-31T10:38:03","slug":"about-us","status":"publish","type":"page","link":"https:\/\/bitcoin-nova.com\/pl\/about-us\/","title":{"rendered":"O nas"},"content":{"rendered":"<div>\n<h1 style=\"text-align: center;\">Zesp\u00f3\u0142 stoj\u0105cy za Bitcoin Nova<\/h1>\n<p class=\"whitespace-pre-wrap break-words\"><strong>Bitcoin Nova<\/strong> narodzi\u0142o si\u0119 z zespo\u0142u do\u015bwiadczonych trader\u00f3w i analityk\u00f3w ilo\u015bciowych, kt\u00f3rzy opracowali zaawansowane algorytmy w celu optymalizacji handlu kryptowalutami. Algorytmy te przetwarzaj\u0105 ogromne ilo\u015bci danych, identyfikuj\u0105 wzorce i podejmuj\u0105 precyzyjne decyzje w celu zarz\u0105dzania ryzykiem i wykorzystywania nadarzaj\u0105cych si\u0119 okazji.<\/p>\n<p class=\"whitespace-pre-wrap break-words\">Pocz\u0105tkowo wykorzystywany do osobistego handlu zespo\u0142u, szybko zda\u0142 sobie spraw\u0119 z potencja\u0142u Bitcoin Synergy do zrewolucjonizowania handlu kryptowalutami dla wszystkich inwestor\u00f3w. Dziel\u0105c si\u0119 swoj\u0105 platform\u0105, staraj\u0105 si\u0119 wzmocni\u0107 pozycj\u0119 trader\u00f3w dzi\u0119ki najnowocze\u015bniejszej technologii i spostrze\u017ceniom opartym na danych.<\/p>\n<p class=\"whitespace-pre-wrap break-words\">Bitcoin Synergy \u0142\u0105czy wiedz\u0119 do\u015bwiadczonych trader\u00f3w i najlepszych analityk\u00f3w ilo\u015bciowych, aby porusza\u0107 si\u0119 po z\u0142o\u017conych rynkach kryptowalut, zapewniaj\u0105c u\u017cytkownikom sta\u0142\u0105 rentowno\u015b\u0107. Do\u015bwiadcz mocy zaawansowanych algorytm\u00f3w i doskona\u0142o\u015bci handlowej z <strong>Bitcoin Nova<\/strong>.<\/p>\n<\/div>\n<div style=\"text-align: center;\">\n<h2>Kto powinien korzysta\u0107 z Bitcoin Nova?<\/h2>\n<p class=\"whitespace-pre-wrap break-words\">Bitcoin Nova to najnowocze\u015bniejsza platforma transakcyjna przeznaczona dla trader\u00f3w i inwestor\u00f3w poszukuj\u0105cych przewagi konkurencyjnej na nieprzewidywalnym rynku kryptowalut. Dzi\u0119ki kompleksowemu zestawowi narz\u0119dzi, analizie rynku w czasie rzeczywistym i zaawansowanej analityce, Bitcoin Nova umo\u017cliwia u\u017cytkownikom podejmowanie \u015bwiadomych decyzji i wykorzystywanie pojawiaj\u0105cych si\u0119 mo\u017cliwo\u015bci.<\/p>\n<p class=\"whitespace-pre-wrap break-words\">Dzi\u0119ki zaawansowanym algorytmom i uczeniu maszynowemu, Bitcoin Nova analizuje ogromne ilo\u015bci danych rynkowych w celu identyfikacji wzorc\u00f3w i trend\u00f3w, dostarczaj\u0105c praktycznych informacji i modeli predykcyjnych. Platforma oferuje konfigurowalne narz\u0119dzia handlowe, od zautomatyzowanych algorytm\u00f3w po zaawansowane systemy zarz\u0105dzania zleceniami, umo\u017cliwiaj\u0105c inwestorom optymalizacj\u0119 ich strategii w oparciu o osobiste preferencje i profile ryzyka.<\/p>\n<p class=\"whitespace-pre-wrap break-words\">Bitcoin Nova zapewnia r\u00f3wnie\u017c zasoby edukacyjne, analizy rynkowe i spostrze\u017cenia ekspert\u00f3w, aby pom\u00f3c inwestorom w poruszaniu si\u0119 po z\u0142o\u017cono\u015bci rynku kryptowalut i podejmowaniu \u015bwiadomych decyzji. Niezale\u017cnie od tego, czy jeste\u015b do\u015bwiadczonym traderem, czy nowicjuszem w \u015bwiecie kryptowalut, Bitcoin Nova oferuje narz\u0119dzia i wiedz\u0119 niezb\u0119dne do wyprzedzenia rynku i osi\u0105gni\u0119cia swoich cel\u00f3w finansowych.<\/p>\n<\/div>\n<div>\n<\/div>\n","protected":false},"excerpt":{"rendered":"<p>Zesp\u00f3\u0142 stoj\u0105cy za narodzi\u0142o si\u0119 z zespo\u0142u do\u015bwiadczonych trader\u00f3w i analityk\u00f3w ilo\u015bciowych, kt\u00f3rzy opracowali zaawansowane algorytmy w celu optymalizacji handlu kryptowalutami. Algorytmy te przetwarzaj\u0105 ogromne ilo\u015bci danych, identyfikuj\u0105 wzorce i podejmuj\u0105 precyzyjne decyzje w celu zarz\u0105dzania ryzykiem i wykorzystywania nadarzaj\u0105cych si\u0119 okazji. Pocz\u0105tkowo wykorzystywany do osobistego handlu zespo\u0142u, szybko zda\u0142 sobie spraw\u0119 z potencja\u0142u Bitcoin [&hellip;]<\/p>\n","protected":false},"author":2,"featured_media":0,"parent":0,"menu_order":0,"comment_status":"closed","ping_status":"closed","template":"page-about.php","meta":{"footnotes":""},"class_list":["post-2880","page","type-page","status-publish","hentry"],"yoast_head":"<!-- This site is optimized with the Yoast SEO plugin v23.0 - https:\/\/yoast.com\/wordpress\/plugins\/seo\/ -->\n<title>Bitcoin Nova \u2122 | Offici\u00eble website 2026 | Claim nu!<\/title>\n<meta name=\"robots\" content=\"index, follow, max-snippet:-1, max-image-preview:large, max-video-preview:-1\" \/>\n<meta property=\"og:locale\" content=\"pl_PL\" \/>\n<meta property=\"og:site_name\" content=\"Bitcoin Nova\" \/>\n<meta property=\"article:modified_time\" content=\"2024-05-31T10:38:03+00:00\" \/>\n<meta name=\"twitter:card\" content=\"summary_large_image\" \/>\n<meta name=\"twitter:label1\" content=\"Szacowany czas czytania\" \/>\n\t<meta name=\"twitter:data1\" content=\"2 minuty\" \/>\n<!-- \/ Yoast SEO plugin. -->","yoast_head_json":{"title":"Bitcoin Nova \u2122 | Offici\u00eble website 2026 | Claim nu!","robots":{"index":"index","follow":"follow","max-snippet":"max-snippet:-1","max-image-preview":"max-image-preview:large","max-video-preview":"max-video-preview:-1"},"og_locale":"pl_PL","og_site_name":"Bitcoin Nova","article_modified_time":"2024-05-31T10:38:03+00:00","twitter_card":"summary_large_image","twitter_misc":{"Szacowany czas czytania":"2 minuty"},"schema":{"@context":"https:\/\/schema.org","@graph":[{"@type":"WebPage","@id":"https:\/\/bitcoin-nova.com\/about-us\/","url":"https:\/\/bitcoin-nova.com\/about-us\/","name":"O nas - Bitcoin Nova","isPartOf":{"@id":"https:\/\/bitcoin-nova.com\/#website"},"datePublished":"2024-05-27T16:57:39+00:00","dateModified":"2024-05-31T10:38:03+00:00","breadcrumb":{"@id":"https:\/\/bitcoin-nova.com\/about-us\/#breadcrumb"},"inLanguage":"pl-PL","potentialAction":[{"@type":"ReadAction","target":["https:\/\/bitcoin-nova.com\/about-us\/"]}]},{"@type":"BreadcrumbList","@id":"https:\/\/bitcoin-nova.com\/about-us\/#breadcrumb","itemListElement":[{"@type":"ListItem","position":1,"name":"Home","item":"https:\/\/bitcoin-nova.com\/"},{"@type":"ListItem","position":2,"name":"O nas"}]},{"@type":"WebSite","@id":"https:\/\/bitcoin-nova.com\/#website","url":"https:\/\/bitcoin-nova.com\/","name":"Bitcoin Nova","description":"","potentialAction":[{"@type":"SearchAction","target":{"@type":"EntryPoint","urlTemplate":"https:\/\/bitcoin-nova.com\/?s={search_term_string}"},"query-input":"required name=search_term_string"}],"inLanguage":"pl-PL"}]}},"_links":{"self":[{"href":"https:\/\/bitcoin-nova.com\/pl\/wp-json\/wp\/v2\/pages\/2880","targetHints":{"allow":["GET"]}}],"collection":[{"href":"https:\/\/bitcoin-nova.com\/pl\/wp-json\/wp\/v2\/pages"}],"about":[{"href":"https:\/\/bitcoin-nova.com\/pl\/wp-json\/wp\/v2\/types\/page"}],"author":[{"embeddable":true,"href":"https:\/\/bitcoin-nova.com\/pl\/wp-json\/wp\/v2\/users\/2"}],"replies":[{"embeddable":true,"href":"https:\/\/bitcoin-nova.com\/pl\/wp-json\/wp\/v2\/comments?post=2880"}],"version-history":[{"count":1,"href":"https:\/\/bitcoin-nova.com\/pl\/wp-json\/wp\/v2\/pages\/2880\/revisions"}],"predecessor-version":[{"id":2892,"href":"https:\/\/bitcoin-nova.com\/pl\/wp-json\/wp\/v2\/pages\/2880\/revisions\/2892"}],"wp:attachment":[{"href":"https:\/\/bitcoin-nova.com\/pl\/wp-json\/wp\/v2\/media?parent=2880"}],"curies":[{"name":"wp","href":"https:\/\/api.w.org\/{rel}","templated":true}]}}