{"id":2090,"date":"2024-05-27T16:58:01","date_gmt":"2024-05-27T16:58:01","guid":{"rendered":"https:\/\/loc.bitcoin-nova.com\/contact-us\/"},"modified":"2024-05-29T18:25:08","modified_gmt":"2024-05-29T18:25:08","slug":"contact-us","status":"publish","type":"page","link":"https:\/\/bitcoin-nova.com\/pl\/contact-us\/","title":{"rendered":"Kontakt"},"content":{"rendered":"<div>\n<h1>Skontaktuj si\u0119 z  Bitcoin Nova<\/h1>\n<p>Na Bitcoin Nova dok\u0142adamy wszelkich stara\u0144, aby zapewni\u0107 wyj\u0105tkowe wsparcie i jak najlepsze do\u015bwiadczenie handlowe. Niezale\u017cnie od tego, czy masz pytania, potrzebujesz pomocy, czy chcesz przekaza\u0107 opini\u0119, nasz zesp\u00f3\u0142 jest tutaj, aby pom\u00f3c. Skorzystaj z poni\u017cszych informacji, aby si\u0119 z nami skontaktowa\u0107.<\/p>\n<\/div>\n<div>\n<h4>Adres do korespondencji<\/h4>\n<p><span data-sheets-formula-bar-text-style=\"font-size:13px;color:#000000;font-weight:normal;text-decoration:none;font-family:'Arial';font-style:normal;text-decoration-skip-ink:none;\">Bahnhofplatz 10B<\/span><br \/>\n<span data-sheets-formula-bar-text-style=\"font-size:13px;color:#000000;font-weight:normal;text-decoration:none;font-family:'Arial';font-style:normal;text-decoration-skip-ink:none;\">Berno<\/span><br \/>\n<span data-sheets-formula-bar-text-style=\"font-size:13px;color:#000000;font-weight:normal;text-decoration:none;font-family:'Arial';font-style:normal;text-decoration-skip-ink:none;\">Szwajcaria<\/span><br \/>\n<span data-sheets-formula-bar-text-style=\"font-size:13px;color:#000000;font-weight:normal;text-decoration:none;font-family:'Arial';font-style:normal;text-decoration-skip-ink:none;\">3011<\/span><\/p>\n<h4>Zapytania biznesowe<\/h4>\n<p>W sprawie mo\u017cliwo\u015bci partnerstwa, zapyta\u0144 do medi\u00f3w lub innych spraw zwi\u0105zanych z biznesem prosimy o kontakt pod adresem:<br \/>\n<a href=\"mailto:business@bitcoin-nova.com\">business@bitcoin-nova.com<\/a><\/p>\n<h4>Wsparcie przez e-mail<\/h4>\n<p>W przypadku jakichkolwiek pyta\u0144 lub pr\u00f3\u015bb o wsparcie prosimy o kontakt pod adresem e-mail:<br \/>\n<a href=\"mailto:support@bitcoin-nova.com\">support@bitcoin-nova.com<\/a><\/p>\n<\/div>\n","protected":false},"excerpt":{"rendered":"<p>Skontaktuj si\u0119 z Na dok\u0142adamy wszelkich stara\u0144, aby zapewni\u0107 wyj\u0105tkowe wsparcie i jak najlepsze do\u015bwiadczenie handlowe. Niezale\u017cnie od tego, czy masz pytania, potrzebujesz pomocy, czy chcesz przekaza\u0107 opini\u0119, nasz zesp\u00f3\u0142 jest tutaj, aby pom\u00f3c. Skorzystaj z poni\u017cszych informacji, aby si\u0119 z nami skontaktowa\u0107. Adres do korespondencji Bahnhofplatz 10B Berno Szwajcaria 3011 Zapytania biznesowe W sprawie [&hellip;]<\/p>\n","protected":false},"author":2,"featured_media":0,"parent":0,"menu_order":0,"comment_status":"closed","ping_status":"closed","template":"page-contact.php","meta":{"footnotes":""},"class_list":["post-2090","page","type-page","status-publish","hentry"],"yoast_head":"<!-- This site is optimized with the Yoast SEO plugin v23.0 - https:\/\/yoast.com\/wordpress\/plugins\/seo\/ -->\n<title>Bitcoin Nova \u2122 | Offici\u00eble website 2026 | Claim nu!<\/title>\n<meta name=\"robots\" content=\"index, follow, max-snippet:-1, max-image-preview:large, max-video-preview:-1\" \/>\n<meta property=\"og:locale\" content=\"pl_PL\" \/>\n<meta property=\"og:site_name\" content=\"Bitcoin Nova\" \/>\n<meta property=\"article:modified_time\" content=\"2024-05-29T18:25:08+00:00\" \/>\n<meta name=\"twitter:card\" content=\"summary_large_image\" \/>\n<meta name=\"twitter:label1\" content=\"Szacowany czas czytania\" \/>\n\t<meta name=\"twitter:data1\" content=\"1 minuta\" \/>\n<!-- \/ Yoast SEO plugin. -->","yoast_head_json":{"title":"Bitcoin Nova \u2122 | Offici\u00eble website 2026 | Claim nu!","robots":{"index":"index","follow":"follow","max-snippet":"max-snippet:-1","max-image-preview":"max-image-preview:large","max-video-preview":"max-video-preview:-1"},"og_locale":"pl_PL","og_site_name":"Bitcoin Nova","article_modified_time":"2024-05-29T18:25:08+00:00","twitter_card":"summary_large_image","twitter_misc":{"Szacowany czas czytania":"1 minuta"},"schema":{"@context":"https:\/\/schema.org","@graph":[{"@type":"WebPage","@id":"https:\/\/bitcoin-nova.com\/pl\/contact-us\/","url":"https:\/\/bitcoin-nova.com\/pl\/contact-us\/","name":"Kontakt - Bitcoin Nova","isPartOf":{"@id":"https:\/\/bitcoin-nova.com\/#website"},"datePublished":"2024-05-27T16:58:01+00:00","dateModified":"2024-05-29T18:25:08+00:00","breadcrumb":{"@id":"https:\/\/bitcoin-nova.com\/pl\/contact-us\/#breadcrumb"},"inLanguage":"pl-PL","potentialAction":[{"@type":"ReadAction","target":["https:\/\/bitcoin-nova.com\/pl\/contact-us\/"]}]},{"@type":"BreadcrumbList","@id":"https:\/\/bitcoin-nova.com\/pl\/contact-us\/#breadcrumb","itemListElement":[{"@type":"ListItem","position":1,"name":"Home","item":"https:\/\/bitcoin-nova.com\/"},{"@type":"ListItem","position":2,"name":"Kontakt"}]},{"@type":"WebSite","@id":"https:\/\/bitcoin-nova.com\/#website","url":"https:\/\/bitcoin-nova.com\/","name":"Bitcoin Nova","description":"","potentialAction":[{"@type":"SearchAction","target":{"@type":"EntryPoint","urlTemplate":"https:\/\/bitcoin-nova.com\/?s={search_term_string}"},"query-input":"required name=search_term_string"}],"inLanguage":"pl-PL"}]}},"_links":{"self":[{"href":"https:\/\/bitcoin-nova.com\/pl\/wp-json\/wp\/v2\/pages\/2090","targetHints":{"allow":["GET"]}}],"collection":[{"href":"https:\/\/bitcoin-nova.com\/pl\/wp-json\/wp\/v2\/pages"}],"about":[{"href":"https:\/\/bitcoin-nova.com\/pl\/wp-json\/wp\/v2\/types\/page"}],"author":[{"embeddable":true,"href":"https:\/\/bitcoin-nova.com\/pl\/wp-json\/wp\/v2\/users\/2"}],"replies":[{"embeddable":true,"href":"https:\/\/bitcoin-nova.com\/pl\/wp-json\/wp\/v2\/comments?post=2090"}],"version-history":[{"count":5,"href":"https:\/\/bitcoin-nova.com\/pl\/wp-json\/wp\/v2\/pages\/2090\/revisions"}],"predecessor-version":[{"id":2378,"href":"https:\/\/bitcoin-nova.com\/pl\/wp-json\/wp\/v2\/pages\/2090\/revisions\/2378"}],"wp:attachment":[{"href":"https:\/\/bitcoin-nova.com\/pl\/wp-json\/wp\/v2\/media?parent=2090"}],"curies":[{"name":"wp","href":"https:\/\/api.w.org\/{rel}","templated":true}]}}