{"id":2338,"date":"2024-05-29T17:25:34","date_gmt":"2024-05-29T17:25:34","guid":{"rendered":"https:\/\/bitcoin-nova.com\/kontakt-oss\/"},"modified":"2024-05-29T18:25:05","modified_gmt":"2024-05-29T18:25:05","slug":"kontakt-oss","status":"publish","type":"page","link":"https:\/\/bitcoin-nova.com\/no\/kontakt-oss\/","title":{"rendered":"Kontakt oss"},"content":{"rendered":"<div>\n<h1>Ta kontakt med  Bitcoin Nova<\/h1>\n<p>P\u00e5 Bitcoin Nova er vi opptatt av \u00e5 tilby eksepsjonell kundest\u00f8tte og s\u00f8rge for at du f\u00e5r en best mulig handelsopplevelse. Enten du har sp\u00f8rsm\u00e5l, trenger hjelp eller \u00f8nsker \u00e5 gi tilbakemeldinger, er teamet v\u00e5rt her for \u00e5 hjelpe deg. Bruk informasjonen nedenfor for \u00e5 komme i kontakt med oss.<\/p>\n<\/div>\n<div>\n<h4>Postadresse<\/h4>\n<p><span data-sheets-formula-bar-text-style=\"font-size:13px;color:#000000;font-weight:normal;text-decoration:none;font-family:'Arial';font-style:normal;text-decoration-skip-ink:none;\">Bahnhofplatz 10B<\/span><br \/>\n<span data-sheets-formula-bar-text-style=\"font-size:13px;color:#000000;font-weight:normal;text-decoration:none;font-family:'Arial';font-style:normal;text-decoration-skip-ink:none;\">Bern<\/span><br \/>\n<span data-sheets-formula-bar-text-style=\"font-size:13px;color:#000000;font-weight:normal;text-decoration:none;font-family:'Arial';font-style:normal;text-decoration-skip-ink:none;\">Sveits<\/span><br \/>\n<span data-sheets-formula-bar-text-style=\"font-size:13px;color:#000000;font-weight:normal;text-decoration:none;font-family:'Arial';font-style:normal;text-decoration-skip-ink:none;\">3011<\/span><\/p>\n<h4>Forretningsmessige henvendelser<\/h4>\n<p>For samarbeidsmuligheter, mediehenvendelser eller andre forretningsrelaterte sp\u00f8rsm\u00e5l, vennligst kontakt oss p\u00e5<br \/>\n<a href=\"mailto:business@bitcoin-nova.com\">business@bitcoin-nova.com<\/a><\/p>\n<h4>Support via e-post<\/h4>\n<p>For eventuelle henvendelser eller supportforesp\u00f8rsler, vennligst send oss en e-post p\u00e5<br \/>\n<a href=\"mailto:support@bitcoin-nova.com\">support@bitcoin-nova.com<\/a><\/p>\n<\/div>\n","protected":false},"excerpt":{"rendered":"<p>Ta kontakt med P\u00e5 er vi opptatt av \u00e5 tilby eksepsjonell kundest\u00f8tte og s\u00f8rge for at du f\u00e5r en best mulig handelsopplevelse. Enten du har sp\u00f8rsm\u00e5l, trenger hjelp eller \u00f8nsker \u00e5 gi tilbakemeldinger, er teamet v\u00e5rt her for \u00e5 hjelpe deg. Bruk informasjonen nedenfor for \u00e5 komme i kontakt med oss. Postadresse Bahnhofplatz 10B Bern [&hellip;]<\/p>\n","protected":false},"author":2,"featured_media":0,"parent":0,"menu_order":0,"comment_status":"closed","ping_status":"closed","template":"page-contact.php","meta":{"footnotes":""},"class_list":["post-2338","page","type-page","status-publish","hentry"],"yoast_head":"<!-- This site is optimized with the Yoast SEO plugin v23.0 - https:\/\/yoast.com\/wordpress\/plugins\/seo\/ -->\n<title>Bitcoin Nova \u2122 | Offici\u00eble website 2026 | Claim nu!<\/title>\n<meta name=\"robots\" content=\"index, follow, max-snippet:-1, max-image-preview:large, max-video-preview:-1\" \/>\n<meta property=\"og:locale\" content=\"en_US\" \/>\n<meta property=\"og:site_name\" content=\"Bitcoin Nova\" \/>\n<meta property=\"article:modified_time\" content=\"2024-05-29T18:25:05+00:00\" \/>\n<meta name=\"twitter:card\" content=\"summary_large_image\" \/>\n<!-- \/ Yoast SEO plugin. -->","yoast_head_json":{"title":"Bitcoin Nova \u2122 | Offici\u00eble website 2026 | Claim nu!","robots":{"index":"index","follow":"follow","max-snippet":"max-snippet:-1","max-image-preview":"max-image-preview:large","max-video-preview":"max-video-preview:-1"},"og_locale":"en_US","og_site_name":"Bitcoin Nova","article_modified_time":"2024-05-29T18:25:05+00:00","twitter_card":"summary_large_image","schema":{"@context":"https:\/\/schema.org","@graph":[{"@type":"WebPage","@id":"https:\/\/bitcoin-nova.com\/no\/kontakt-oss\/","url":"https:\/\/bitcoin-nova.com\/no\/kontakt-oss\/","name":"Kontakt oss - Bitcoin Nova","isPartOf":{"@id":"https:\/\/bitcoin-nova.com\/#website"},"datePublished":"2024-05-29T17:25:34+00:00","dateModified":"2024-05-29T18:25:05+00:00","breadcrumb":{"@id":"https:\/\/bitcoin-nova.com\/no\/kontakt-oss\/#breadcrumb"},"inLanguage":"no-NO","potentialAction":[{"@type":"ReadAction","target":["https:\/\/bitcoin-nova.com\/no\/kontakt-oss\/"]}]},{"@type":"BreadcrumbList","@id":"https:\/\/bitcoin-nova.com\/no\/kontakt-oss\/#breadcrumb","itemListElement":[{"@type":"ListItem","position":1,"name":"Home","item":"https:\/\/bitcoin-nova.com\/"},{"@type":"ListItem","position":2,"name":"Kontakt oss"}]},{"@type":"WebSite","@id":"https:\/\/bitcoin-nova.com\/#website","url":"https:\/\/bitcoin-nova.com\/","name":"Bitcoin Nova","description":"","potentialAction":[{"@type":"SearchAction","target":{"@type":"EntryPoint","urlTemplate":"https:\/\/bitcoin-nova.com\/?s={search_term_string}"},"query-input":"required name=search_term_string"}],"inLanguage":"no-NO"}]}},"_links":{"self":[{"href":"https:\/\/bitcoin-nova.com\/no\/wp-json\/wp\/v2\/pages\/2338","targetHints":{"allow":["GET"]}}],"collection":[{"href":"https:\/\/bitcoin-nova.com\/no\/wp-json\/wp\/v2\/pages"}],"about":[{"href":"https:\/\/bitcoin-nova.com\/no\/wp-json\/wp\/v2\/types\/page"}],"author":[{"embeddable":true,"href":"https:\/\/bitcoin-nova.com\/no\/wp-json\/wp\/v2\/users\/2"}],"replies":[{"embeddable":true,"href":"https:\/\/bitcoin-nova.com\/no\/wp-json\/wp\/v2\/comments?post=2338"}],"version-history":[{"count":1,"href":"https:\/\/bitcoin-nova.com\/no\/wp-json\/wp\/v2\/pages\/2338\/revisions"}],"predecessor-version":[{"id":2370,"href":"https:\/\/bitcoin-nova.com\/no\/wp-json\/wp\/v2\/pages\/2338\/revisions\/2370"}],"wp:attachment":[{"href":"https:\/\/bitcoin-nova.com\/no\/wp-json\/wp\/v2\/media?parent=2338"}],"curies":[{"name":"wp","href":"https:\/\/api.w.org\/{rel}","templated":true}]}}