{"id":2876,"date":"2024-05-27T16:57:39","date_gmt":"2024-05-27T16:57:39","guid":{"rendered":"https:\/\/bitcoin-nova.com\/about-us\/"},"modified":"2024-05-31T10:38:00","modified_gmt":"2024-05-31T10:38:00","slug":"about-us","status":"publish","type":"page","link":"https:\/\/bitcoin-nova.com\/fr\/about-us\/","title":{"rendered":"\u00c0 propos de nous"},"content":{"rendered":"<div>\n<h1 style=\"text-align: center;\">L&rsquo;\u00e9quipe derri\u00e8re Bitcoin Nova<\/h1>\n<p class=\"whitespace-pre-wrap break-words\"><strong>Bitcoin Nova<\/strong> est n\u00e9e d&rsquo;une \u00e9quipe de traders exp\u00e9riment\u00e9s et d&rsquo;analystes quantitatifs qui ont d\u00e9velopp\u00e9 des algorithmes sophistiqu\u00e9s pour optimiser le trading de crypto-monnaies. Ces algorithmes traitent de vastes donn\u00e9es, identifient des mod\u00e8les et prennent des d\u00e9cisions pr\u00e9cises pour g\u00e9rer les risques et capitaliser sur les opportunit\u00e9s.<\/p>\n<p class=\"whitespace-pre-wrap break-words\">Initialement utilis\u00e9e pour les transactions personnelles de l&rsquo;\u00e9quipe, elle a rapidement r\u00e9alis\u00e9 le potentiel de Bitcoin Synergy pour r\u00e9volutionner le trading de crypto-monnaies pour tous les investisseurs. En partageant leur plateforme, ils visent \u00e0 donner aux traders les moyens d&rsquo;agir gr\u00e2ce \u00e0 une technologie de pointe et \u00e0 des informations fond\u00e9es sur des donn\u00e9es.<\/p>\n<p class=\"whitespace-pre-wrap break-words\">Bitcoin Synergy combine l&rsquo;expertise de traders chevronn\u00e9s et d&rsquo;analystes quantitatifs de haut niveau pour naviguer sur les march\u00e9s cryptographiques complexes, offrant une rentabilit\u00e9 constante aux utilisateurs. D\u00e9couvrez la puissance des algorithmes avanc\u00e9s et l&rsquo;excellence du trading avec <strong>Bitcoin Nova<\/strong>.<\/p>\n<\/div>\n<div style=\"text-align: center;\">\n<h2>Qui devrait utiliser Bitcoin Nova ?<\/h2>\n<p class=\"whitespace-pre-wrap break-words\">Bitcoin Nova est une plateforme de trading de pointe con\u00e7ue pour les traders et les investisseurs \u00e0 la recherche d&rsquo;un avantage concurrentiel sur le march\u00e9 impr\u00e9visible des crypto-monnaies. Avec une suite compl\u00e8te d&rsquo;outils, de renseignements sur le march\u00e9 en temps r\u00e9el et d&rsquo;analyses avanc\u00e9es, Bitcoin Nova permet aux utilisateurs de prendre des d\u00e9cisions \u00e9clair\u00e9es et de capitaliser sur les opportunit\u00e9s \u00e9mergentes.<\/p>\n<p class=\"whitespace-pre-wrap break-words\">Aliment\u00e9 par des algorithmes sophistiqu\u00e9s et l&rsquo;apprentissage automatique, Bitcoin Nova analyse de vastes quantit\u00e9s de donn\u00e9es de march\u00e9 pour identifier les mod\u00e8les et les tendances, fournissant des informations exploitables et des mod\u00e8les pr\u00e9dictifs. La plateforme offre des outils de trading personnalisables, des algorithmes automatis\u00e9s aux syst\u00e8mes avanc\u00e9s de gestion des ordres, permettant aux traders d&rsquo;optimiser leurs strat\u00e9gies en fonction de leurs pr\u00e9f\u00e9rences personnelles et de leurs profils de risque.<\/p>\n<p class=\"whitespace-pre-wrap break-words\">Bitcoin Nova fournit \u00e9galement des ressources \u00e9ducatives, des analyses de march\u00e9 et des avis d&rsquo;experts pour aider les traders \u00e0 naviguer dans les complexit\u00e9s du march\u00e9 des crypto-monnaies et \u00e0 prendre des d\u00e9cisions \u00e9clair\u00e9es. Que vous soyez un trader exp\u00e9riment\u00e9 ou un nouveau venu dans le monde des crypto-monnaies, Bitcoin Nova vous offre les outils et les connaissances n\u00e9cessaires pour rester en t\u00eate du march\u00e9 et atteindre vos objectifs financiers.<\/p>\n<\/div>\n<div>\n<\/div>\n","protected":false},"excerpt":{"rendered":"<p>L&rsquo;\u00e9quipe derri\u00e8re est n\u00e9e d&rsquo;une \u00e9quipe de traders exp\u00e9riment\u00e9s et d&rsquo;analystes quantitatifs qui ont d\u00e9velopp\u00e9 des algorithmes sophistiqu\u00e9s pour optimiser le trading de crypto-monnaies. Ces algorithmes traitent de vastes donn\u00e9es, identifient des mod\u00e8les et prennent des d\u00e9cisions pr\u00e9cises pour g\u00e9rer les risques et capitaliser sur les opportunit\u00e9s. Initialement utilis\u00e9e pour les transactions personnelles de l&rsquo;\u00e9quipe, [&hellip;]<\/p>\n","protected":false},"author":2,"featured_media":0,"parent":0,"menu_order":0,"comment_status":"closed","ping_status":"closed","template":"page-about.php","meta":{"footnotes":""},"class_list":["post-2876","page","type-page","status-publish","hentry"],"yoast_head":"<!-- This site is optimized with the Yoast SEO plugin v23.0 - https:\/\/yoast.com\/wordpress\/plugins\/seo\/ -->\n<title>Bitcoin Nova \u2122 | Offici\u00eble website 2026 | Claim nu!<\/title>\n<meta name=\"robots\" content=\"index, follow, max-snippet:-1, max-image-preview:large, max-video-preview:-1\" \/>\n<meta property=\"og:locale\" content=\"fr_FR\" \/>\n<meta property=\"og:site_name\" content=\"Bitcoin Nova\" \/>\n<meta property=\"article:modified_time\" content=\"2024-05-31T10:38:00+00:00\" \/>\n<meta name=\"twitter:card\" content=\"summary_large_image\" \/>\n<meta name=\"twitter:label1\" content=\"Dur\u00e9e de lecture estim\u00e9e\" \/>\n\t<meta name=\"twitter:data1\" content=\"2 minutes\" \/>\n<!-- \/ Yoast SEO plugin. -->","yoast_head_json":{"title":"Bitcoin Nova \u2122 | Offici\u00eble website 2026 | Claim nu!","robots":{"index":"index","follow":"follow","max-snippet":"max-snippet:-1","max-image-preview":"max-image-preview:large","max-video-preview":"max-video-preview:-1"},"og_locale":"fr_FR","og_site_name":"Bitcoin Nova","article_modified_time":"2024-05-31T10:38:00+00:00","twitter_card":"summary_large_image","twitter_misc":{"Dur\u00e9e de lecture estim\u00e9e":"2 minutes"},"schema":{"@context":"https:\/\/schema.org","@graph":[{"@type":"WebPage","@id":"https:\/\/bitcoin-nova.com\/about-us\/","url":"https:\/\/bitcoin-nova.com\/about-us\/","name":"\u00c0 propos de nous - Bitcoin Nova","isPartOf":{"@id":"https:\/\/bitcoin-nova.com\/#website"},"datePublished":"2024-05-27T16:57:39+00:00","dateModified":"2024-05-31T10:38:00+00:00","breadcrumb":{"@id":"https:\/\/bitcoin-nova.com\/about-us\/#breadcrumb"},"inLanguage":"fr-FR","potentialAction":[{"@type":"ReadAction","target":["https:\/\/bitcoin-nova.com\/about-us\/"]}]},{"@type":"BreadcrumbList","@id":"https:\/\/bitcoin-nova.com\/about-us\/#breadcrumb","itemListElement":[{"@type":"ListItem","position":1,"name":"Home","item":"https:\/\/bitcoin-nova.com\/"},{"@type":"ListItem","position":2,"name":"\u00c0 propos de nous"}]},{"@type":"WebSite","@id":"https:\/\/bitcoin-nova.com\/#website","url":"https:\/\/bitcoin-nova.com\/","name":"Bitcoin Nova","description":"","potentialAction":[{"@type":"SearchAction","target":{"@type":"EntryPoint","urlTemplate":"https:\/\/bitcoin-nova.com\/?s={search_term_string}"},"query-input":"required name=search_term_string"}],"inLanguage":"fr-FR"}]}},"_links":{"self":[{"href":"https:\/\/bitcoin-nova.com\/fr\/wp-json\/wp\/v2\/pages\/2876","targetHints":{"allow":["GET"]}}],"collection":[{"href":"https:\/\/bitcoin-nova.com\/fr\/wp-json\/wp\/v2\/pages"}],"about":[{"href":"https:\/\/bitcoin-nova.com\/fr\/wp-json\/wp\/v2\/types\/page"}],"author":[{"embeddable":true,"href":"https:\/\/bitcoin-nova.com\/fr\/wp-json\/wp\/v2\/users\/2"}],"replies":[{"embeddable":true,"href":"https:\/\/bitcoin-nova.com\/fr\/wp-json\/wp\/v2\/comments?post=2876"}],"version-history":[{"count":3,"href":"https:\/\/bitcoin-nova.com\/fr\/wp-json\/wp\/v2\/pages\/2876\/revisions"}],"predecessor-version":[{"id":2899,"href":"https:\/\/bitcoin-nova.com\/fr\/wp-json\/wp\/v2\/pages\/2876\/revisions\/2899"}],"wp:attachment":[{"href":"https:\/\/bitcoin-nova.com\/fr\/wp-json\/wp\/v2\/media?parent=2876"}],"curies":[{"name":"wp","href":"https:\/\/api.w.org\/{rel}","templated":true}]}}