{"id":2087,"date":"2024-05-27T16:58:01","date_gmt":"2024-05-27T16:58:01","guid":{"rendered":"https:\/\/loc.bitcoin-nova.com\/contact-us\/"},"modified":"2024-05-29T18:25:07","modified_gmt":"2024-05-29T18:25:07","slug":"contact-us","status":"publish","type":"page","link":"https:\/\/bitcoin-nova.com\/fr\/contact-us\/","title":{"rendered":"Contactez nous"},"content":{"rendered":"<div>\n<h1>Prenez contact avec  Bitcoin Nova<\/h1>\n<p>Sur Bitcoin Nova, nous nous engageons \u00e0 vous fournir une assistance exceptionnelle et \u00e0 vous garantir la meilleure exp\u00e9rience de trading possible. Que vous ayez des questions, que vous ayez besoin d&rsquo;aide ou que vous souhaitiez nous faire part de vos commentaires, notre \u00e9quipe est l\u00e0 pour vous aider. Veuillez utiliser les informations ci-dessous pour nous contacter.<\/p>\n<\/div>\n<div>\n<h4>Adresse postale<\/h4>\n<p><span data-sheets-formula-bar-text-style=\"font-size:13px;color:#000000;font-weight:normal;text-decoration:none;font-family:'Arial';font-style:normal;text-decoration-skip-ink:none;\">Bahnhofplatz 10B<\/span><br \/>\n<span data-sheets-formula-bar-text-style=\"font-size:13px;color:#000000;font-weight:normal;text-decoration:none;font-family:'Arial';font-style:normal;text-decoration-skip-ink:none;\">Berne<\/span><br \/>\n<span data-sheets-formula-bar-text-style=\"font-size:13px;color:#000000;font-weight:normal;text-decoration:none;font-family:'Arial';font-style:normal;text-decoration-skip-ink:none;\">Suisse<\/span><br \/>\n<span data-sheets-formula-bar-text-style=\"font-size:13px;color:#000000;font-weight:normal;text-decoration:none;font-family:'Arial';font-style:normal;text-decoration-skip-ink:none;\">3011<\/span><\/p>\n<h4>Demandes de renseignements commerciaux<\/h4>\n<p>Pour les possibilit\u00e9s de partenariat, les demandes des m\u00e9dias ou d&rsquo;autres questions li\u00e9es \u00e0 l&rsquo;entreprise, veuillez nous contacter \u00e0 l&rsquo;adresse suivante<br \/>\n<a href=\"mailto:business@bitcoin-nova.com\">business@bitcoin-nova.com<\/a><\/p>\n<h4>Soutien par courriel<\/h4>\n<p>Pour toute question ou demande d&rsquo;assistance, veuillez nous envoyer un courriel \u00e0 l&rsquo;adresse suivante :<br \/>\n<a href=\"mailto:support@bitcoin-nova.com\">support@bitcoin-nova.com<\/a><\/p>\n<\/div>\n","protected":false},"excerpt":{"rendered":"<p>Prenez contact avec Sur , nous nous engageons \u00e0 vous fournir une assistance exceptionnelle et \u00e0 vous garantir la meilleure exp\u00e9rience de trading possible. Que vous ayez des questions, que vous ayez besoin d&rsquo;aide ou que vous souhaitiez nous faire part de vos commentaires, notre \u00e9quipe est l\u00e0 pour vous aider. Veuillez utiliser les informations [&hellip;]<\/p>\n","protected":false},"author":2,"featured_media":0,"parent":0,"menu_order":0,"comment_status":"closed","ping_status":"closed","template":"page-contact.php","meta":{"footnotes":""},"class_list":["post-2087","page","type-page","status-publish","hentry"],"yoast_head":"<!-- This site is optimized with the Yoast SEO plugin v23.0 - https:\/\/yoast.com\/wordpress\/plugins\/seo\/ -->\n<title>Bitcoin Nova \u2122 | Offici\u00eble website 2026 | Claim nu!<\/title>\n<meta name=\"robots\" content=\"index, follow, max-snippet:-1, max-image-preview:large, max-video-preview:-1\" \/>\n<meta property=\"og:locale\" content=\"fr_FR\" \/>\n<meta property=\"og:site_name\" content=\"Bitcoin Nova\" \/>\n<meta property=\"article:modified_time\" content=\"2024-05-29T18:25:07+00:00\" \/>\n<meta name=\"twitter:card\" content=\"summary_large_image\" \/>\n<meta name=\"twitter:label1\" content=\"Dur\u00e9e de lecture estim\u00e9e\" \/>\n\t<meta name=\"twitter:data1\" content=\"1 minute\" \/>\n<!-- \/ Yoast SEO plugin. -->","yoast_head_json":{"title":"Bitcoin Nova \u2122 | Offici\u00eble website 2026 | Claim nu!","robots":{"index":"index","follow":"follow","max-snippet":"max-snippet:-1","max-image-preview":"max-image-preview:large","max-video-preview":"max-video-preview:-1"},"og_locale":"fr_FR","og_site_name":"Bitcoin Nova","article_modified_time":"2024-05-29T18:25:07+00:00","twitter_card":"summary_large_image","twitter_misc":{"Dur\u00e9e de lecture estim\u00e9e":"1 minute"},"schema":{"@context":"https:\/\/schema.org","@graph":[{"@type":"WebPage","@id":"https:\/\/bitcoin-nova.com\/fr\/contact-us\/","url":"https:\/\/bitcoin-nova.com\/fr\/contact-us\/","name":"Contactez nous - Bitcoin Nova","isPartOf":{"@id":"https:\/\/bitcoin-nova.com\/#website"},"datePublished":"2024-05-27T16:58:01+00:00","dateModified":"2024-05-29T18:25:07+00:00","breadcrumb":{"@id":"https:\/\/bitcoin-nova.com\/fr\/contact-us\/#breadcrumb"},"inLanguage":"fr-FR","potentialAction":[{"@type":"ReadAction","target":["https:\/\/bitcoin-nova.com\/fr\/contact-us\/"]}]},{"@type":"BreadcrumbList","@id":"https:\/\/bitcoin-nova.com\/fr\/contact-us\/#breadcrumb","itemListElement":[{"@type":"ListItem","position":1,"name":"Home","item":"https:\/\/bitcoin-nova.com\/"},{"@type":"ListItem","position":2,"name":"Contactez nous"}]},{"@type":"WebSite","@id":"https:\/\/bitcoin-nova.com\/#website","url":"https:\/\/bitcoin-nova.com\/","name":"Bitcoin Nova","description":"","potentialAction":[{"@type":"SearchAction","target":{"@type":"EntryPoint","urlTemplate":"https:\/\/bitcoin-nova.com\/?s={search_term_string}"},"query-input":"required name=search_term_string"}],"inLanguage":"fr-FR"}]}},"_links":{"self":[{"href":"https:\/\/bitcoin-nova.com\/fr\/wp-json\/wp\/v2\/pages\/2087","targetHints":{"allow":["GET"]}}],"collection":[{"href":"https:\/\/bitcoin-nova.com\/fr\/wp-json\/wp\/v2\/pages"}],"about":[{"href":"https:\/\/bitcoin-nova.com\/fr\/wp-json\/wp\/v2\/types\/page"}],"author":[{"embeddable":true,"href":"https:\/\/bitcoin-nova.com\/fr\/wp-json\/wp\/v2\/users\/2"}],"replies":[{"embeddable":true,"href":"https:\/\/bitcoin-nova.com\/fr\/wp-json\/wp\/v2\/comments?post=2087"}],"version-history":[{"count":5,"href":"https:\/\/bitcoin-nova.com\/fr\/wp-json\/wp\/v2\/pages\/2087\/revisions"}],"predecessor-version":[{"id":2377,"href":"https:\/\/bitcoin-nova.com\/fr\/wp-json\/wp\/v2\/pages\/2087\/revisions\/2377"}],"wp:attachment":[{"href":"https:\/\/bitcoin-nova.com\/fr\/wp-json\/wp\/v2\/media?parent=2087"}],"curies":[{"name":"wp","href":"https:\/\/api.w.org\/{rel}","templated":true}]}}