{"id":2086,"date":"2024-05-27T16:58:01","date_gmt":"2024-05-27T16:58:01","guid":{"rendered":"https:\/\/loc.bitcoin-nova.com\/contact-us\/"},"modified":"2024-05-29T18:25:08","modified_gmt":"2024-05-29T18:25:08","slug":"contact-us","status":"publish","type":"page","link":"https:\/\/bitcoin-nova.com\/fi\/contact-us\/","title":{"rendered":"Ota yhteytt\u00e4"},"content":{"rendered":"<div>\n<h1>Ota yhteytt\u00e4  Bitcoin Nova<\/h1>\n<p>Olemme Bitcoin Nova, olemme sitoutuneet tarjoamaan poikkeuksellista tukea ja varmistamaan, ett\u00e4 sinulla on paras mahdollinen kaupank\u00e4yntikokemus. Jos sinulla on kysytt\u00e4v\u00e4\u00e4, tarvitset apua tai haluat antaa palautetta, tiimimme auttaa sinua. Ota meihin yhteytt\u00e4 alla olevien tietojen avulla.<\/p>\n<\/div>\n<div>\n<h4>Postiosoite<\/h4>\n<p><span data-sheets-formula-bar-text-style=\"font-size:13px;color:#000000;font-weight:normal;text-decoration:none;font-family:'Arial';font-style:normal;text-decoration-skip-ink:none;\">Bahnhofplatz 10B<\/span><br \/>\n<span data-sheets-formula-bar-text-style=\"font-size:13px;color:#000000;font-weight:normal;text-decoration:none;font-family:'Arial';font-style:normal;text-decoration-skip-ink:none;\">Bern<\/span><br \/>\n<span data-sheets-formula-bar-text-style=\"font-size:13px;color:#000000;font-weight:normal;text-decoration:none;font-family:'Arial';font-style:normal;text-decoration-skip-ink:none;\">Sveitsi<\/span><br \/>\n<span data-sheets-formula-bar-text-style=\"font-size:13px;color:#000000;font-weight:normal;text-decoration:none;font-family:'Arial';font-style:normal;text-decoration-skip-ink:none;\">3011<\/span><\/p>\n<h4>Yritystiedustelut<\/h4>\n<p>Kumppanuusmahdollisuuksia, mediatiedusteluja tai muita liiketoimintaan liittyvi\u00e4 asioita varten ota meihin yhteytt\u00e4 osoitteeseen:<br \/>\n<a href=\"mailto:business@bitcoin-nova.com\">business@bitcoin-nova.com<\/a><\/p>\n<h4>S\u00e4hk\u00f6postituki<\/h4>\n<p>Jos sinulla on kysytt\u00e4v\u00e4\u00e4 tai tukipyynt\u00f6j\u00e4, l\u00e4het\u00e4 meille s\u00e4hk\u00f6postia osoitteeseen:<br \/>\n<a href=\"mailto:support@bitcoin-nova.com\">support@bitcoin-nova.com<\/a><\/p>\n<\/div>\n","protected":false},"excerpt":{"rendered":"<p>Ota yhteytt\u00e4 Olemme , olemme sitoutuneet tarjoamaan poikkeuksellista tukea ja varmistamaan, ett\u00e4 sinulla on paras mahdollinen kaupank\u00e4yntikokemus. Jos sinulla on kysytt\u00e4v\u00e4\u00e4, tarvitset apua tai haluat antaa palautetta, tiimimme auttaa sinua. Ota meihin yhteytt\u00e4 alla olevien tietojen avulla. Postiosoite Bahnhofplatz 10B Bern Sveitsi 3011 Yritystiedustelut Kumppanuusmahdollisuuksia, mediatiedusteluja tai muita liiketoimintaan liittyvi\u00e4 asioita varten ota meihin yhteytt\u00e4 [&hellip;]<\/p>\n","protected":false},"author":2,"featured_media":0,"parent":0,"menu_order":0,"comment_status":"closed","ping_status":"closed","template":"page-contact.php","meta":{"footnotes":""},"class_list":["post-2086","page","type-page","status-publish","hentry"],"yoast_head":"<!-- This site is optimized with the Yoast SEO plugin v23.0 - https:\/\/yoast.com\/wordpress\/plugins\/seo\/ -->\n<title>Bitcoin Nova \u2122 | Offici\u00eble website 2026 | Claim nu!<\/title>\n<meta name=\"robots\" content=\"index, follow, max-snippet:-1, max-image-preview:large, max-video-preview:-1\" \/>\n<meta property=\"og:locale\" content=\"fi_FI\" \/>\n<meta property=\"og:site_name\" content=\"Bitcoin Nova\" \/>\n<meta property=\"article:modified_time\" content=\"2024-05-29T18:25:08+00:00\" \/>\n<meta name=\"twitter:card\" content=\"summary_large_image\" \/>\n<meta name=\"twitter:label1\" content=\"Arvioitu lukuaika\" \/>\n\t<meta name=\"twitter:data1\" content=\"1 minuutti\" \/>\n<!-- \/ Yoast SEO plugin. -->","yoast_head_json":{"title":"Bitcoin Nova \u2122 | Offici\u00eble website 2026 | Claim nu!","robots":{"index":"index","follow":"follow","max-snippet":"max-snippet:-1","max-image-preview":"max-image-preview:large","max-video-preview":"max-video-preview:-1"},"og_locale":"fi_FI","og_site_name":"Bitcoin Nova","article_modified_time":"2024-05-29T18:25:08+00:00","twitter_card":"summary_large_image","twitter_misc":{"Arvioitu lukuaika":"1 minuutti"},"schema":{"@context":"https:\/\/schema.org","@graph":[{"@type":"WebPage","@id":"https:\/\/bitcoin-nova.com\/fi\/contact-us\/","url":"https:\/\/bitcoin-nova.com\/fi\/contact-us\/","name":"Ota yhteytt\u00e4 - Bitcoin Nova","isPartOf":{"@id":"https:\/\/bitcoin-nova.com\/#website"},"datePublished":"2024-05-27T16:58:01+00:00","dateModified":"2024-05-29T18:25:08+00:00","breadcrumb":{"@id":"https:\/\/bitcoin-nova.com\/fi\/contact-us\/#breadcrumb"},"inLanguage":"fi","potentialAction":[{"@type":"ReadAction","target":["https:\/\/bitcoin-nova.com\/fi\/contact-us\/"]}]},{"@type":"BreadcrumbList","@id":"https:\/\/bitcoin-nova.com\/fi\/contact-us\/#breadcrumb","itemListElement":[{"@type":"ListItem","position":1,"name":"Home","item":"https:\/\/bitcoin-nova.com\/"},{"@type":"ListItem","position":2,"name":"Ota yhteytt\u00e4"}]},{"@type":"WebSite","@id":"https:\/\/bitcoin-nova.com\/#website","url":"https:\/\/bitcoin-nova.com\/","name":"Bitcoin Nova","description":"","potentialAction":[{"@type":"SearchAction","target":{"@type":"EntryPoint","urlTemplate":"https:\/\/bitcoin-nova.com\/?s={search_term_string}"},"query-input":"required name=search_term_string"}],"inLanguage":"fi"}]}},"_links":{"self":[{"href":"https:\/\/bitcoin-nova.com\/fi\/wp-json\/wp\/v2\/pages\/2086","targetHints":{"allow":["GET"]}}],"collection":[{"href":"https:\/\/bitcoin-nova.com\/fi\/wp-json\/wp\/v2\/pages"}],"about":[{"href":"https:\/\/bitcoin-nova.com\/fi\/wp-json\/wp\/v2\/types\/page"}],"author":[{"embeddable":true,"href":"https:\/\/bitcoin-nova.com\/fi\/wp-json\/wp\/v2\/users\/2"}],"replies":[{"embeddable":true,"href":"https:\/\/bitcoin-nova.com\/fi\/wp-json\/wp\/v2\/comments?post=2086"}],"version-history":[{"count":5,"href":"https:\/\/bitcoin-nova.com\/fi\/wp-json\/wp\/v2\/pages\/2086\/revisions"}],"predecessor-version":[{"id":2379,"href":"https:\/\/bitcoin-nova.com\/fi\/wp-json\/wp\/v2\/pages\/2086\/revisions\/2379"}],"wp:attachment":[{"href":"https:\/\/bitcoin-nova.com\/fi\/wp-json\/wp\/v2\/media?parent=2086"}],"curies":[{"name":"wp","href":"https:\/\/api.w.org\/{rel}","templated":true}]}}