{"id":2092,"date":"2024-05-27T16:58:01","date_gmt":"2024-05-27T16:58:01","guid":{"rendered":"https:\/\/loc.bitcoin-nova.com\/contact-us\/"},"modified":"2024-05-29T18:25:07","modified_gmt":"2024-05-29T18:25:07","slug":"contact-us","status":"publish","type":"page","link":"https:\/\/bitcoin-nova.com\/es\/contact-us\/","title":{"rendered":"Contacta con nosotros"},"content":{"rendered":"<div>\n<h1>Ponte en contacto con  Bitcoin Nova<\/h1>\n<p>En Bitcoin Nova, nos comprometemos a ofrecerte una asistencia excepcional y a garantizarte la mejor experiencia de negociaci\u00f3n posible. Si tienes preguntas, necesitas ayuda o quieres dar tu opini\u00f3n, nuestro equipo est\u00e1 aqu\u00ed para ayudarte. Utiliza la siguiente informaci\u00f3n para ponerte en contacto con nosotros.<\/p>\n<\/div>\n<div>\n<h4>Direcci\u00f3n postal<\/h4>\n<p><span data-sheets-formula-bar-text-style=\"font-size:13px;color:#000000;font-weight:normal;text-decoration:none;font-family:'Arial';font-style:normal;text-decoration-skip-ink:none;\">Bahnhofplatz 10B<\/span><br \/>\n<span data-sheets-formula-bar-text-style=\"font-size:13px;color:#000000;font-weight:normal;text-decoration:none;font-family:'Arial';font-style:normal;text-decoration-skip-ink:none;\">Berna<\/span><br \/>\n<span data-sheets-formula-bar-text-style=\"font-size:13px;color:#000000;font-weight:normal;text-decoration:none;font-family:'Arial';font-style:normal;text-decoration-skip-ink:none;\">Suiza<\/span><br \/>\n<span data-sheets-formula-bar-text-style=\"font-size:13px;color:#000000;font-weight:normal;text-decoration:none;font-family:'Arial';font-style:normal;text-decoration-skip-ink:none;\">3011<\/span><\/p>\n<h4>Consultas comerciales<\/h4>\n<p>Para oportunidades de asociaci\u00f3n, consultas de los medios de comunicaci\u00f3n u otros asuntos relacionados con la empresa, ponte en contacto con nosotros en:<br \/>\n<a href=\"mailto:business@bitcoin-nova.com\">business@bitcoin-nova.com<\/a><\/p>\n<h4>Asistencia por correo electr\u00f3nico<\/h4>\n<p>Para cualquier consulta o solicitud de asistencia, env\u00edanos un correo electr\u00f3nico a<br \/>\n<a href=\"mailto:support@bitcoin-nova.com\">support@bitcoin-nova.com<\/a><\/p>\n<\/div>\n","protected":false},"excerpt":{"rendered":"<p>Ponte en contacto con En , nos comprometemos a ofrecerte una asistencia excepcional y a garantizarte la mejor experiencia de negociaci\u00f3n posible. Si tienes preguntas, necesitas ayuda o quieres dar tu opini\u00f3n, nuestro equipo est\u00e1 aqu\u00ed para ayudarte. Utiliza la siguiente informaci\u00f3n para ponerte en contacto con nosotros. Direcci\u00f3n postal Bahnhofplatz 10B Berna Suiza 3011 [&hellip;]<\/p>\n","protected":false},"author":2,"featured_media":0,"parent":0,"menu_order":0,"comment_status":"closed","ping_status":"closed","template":"page-contact.php","meta":{"footnotes":""},"class_list":["post-2092","page","type-page","status-publish","hentry"],"yoast_head":"<!-- This site is optimized with the Yoast SEO plugin v23.0 - https:\/\/yoast.com\/wordpress\/plugins\/seo\/ -->\n<title>Bitcoin Nova \u2122 | Offici\u00eble website 2026 | Claim nu!<\/title>\n<meta name=\"robots\" content=\"index, follow, max-snippet:-1, max-image-preview:large, max-video-preview:-1\" \/>\n<meta property=\"og:locale\" content=\"es_ES\" \/>\n<meta property=\"og:site_name\" content=\"Bitcoin Nova\" \/>\n<meta property=\"article:modified_time\" content=\"2024-05-29T18:25:07+00:00\" \/>\n<meta name=\"twitter:card\" content=\"summary_large_image\" \/>\n<meta name=\"twitter:label1\" content=\"Tiempo de lectura\" \/>\n\t<meta name=\"twitter:data1\" content=\"1 minuto\" \/>\n<!-- \/ Yoast SEO plugin. -->","yoast_head_json":{"title":"Bitcoin Nova \u2122 | Offici\u00eble website 2026 | Claim nu!","robots":{"index":"index","follow":"follow","max-snippet":"max-snippet:-1","max-image-preview":"max-image-preview:large","max-video-preview":"max-video-preview:-1"},"og_locale":"es_ES","og_site_name":"Bitcoin Nova","article_modified_time":"2024-05-29T18:25:07+00:00","twitter_card":"summary_large_image","twitter_misc":{"Tiempo de lectura":"1 minuto"},"schema":{"@context":"https:\/\/schema.org","@graph":[{"@type":"WebPage","@id":"https:\/\/bitcoin-nova.com\/es\/contact-us\/","url":"https:\/\/bitcoin-nova.com\/es\/contact-us\/","name":"Contacta con nosotros - Bitcoin Nova","isPartOf":{"@id":"https:\/\/bitcoin-nova.com\/#website"},"datePublished":"2024-05-27T16:58:01+00:00","dateModified":"2024-05-29T18:25:07+00:00","breadcrumb":{"@id":"https:\/\/bitcoin-nova.com\/es\/contact-us\/#breadcrumb"},"inLanguage":"es","potentialAction":[{"@type":"ReadAction","target":["https:\/\/bitcoin-nova.com\/es\/contact-us\/"]}]},{"@type":"BreadcrumbList","@id":"https:\/\/bitcoin-nova.com\/es\/contact-us\/#breadcrumb","itemListElement":[{"@type":"ListItem","position":1,"name":"Home","item":"https:\/\/bitcoin-nova.com\/"},{"@type":"ListItem","position":2,"name":"Contacta con nosotros"}]},{"@type":"WebSite","@id":"https:\/\/bitcoin-nova.com\/#website","url":"https:\/\/bitcoin-nova.com\/","name":"Bitcoin Nova","description":"","potentialAction":[{"@type":"SearchAction","target":{"@type":"EntryPoint","urlTemplate":"https:\/\/bitcoin-nova.com\/?s={search_term_string}"},"query-input":"required name=search_term_string"}],"inLanguage":"es"}]}},"_links":{"self":[{"href":"https:\/\/bitcoin-nova.com\/es\/wp-json\/wp\/v2\/pages\/2092","targetHints":{"allow":["GET"]}}],"collection":[{"href":"https:\/\/bitcoin-nova.com\/es\/wp-json\/wp\/v2\/pages"}],"about":[{"href":"https:\/\/bitcoin-nova.com\/es\/wp-json\/wp\/v2\/types\/page"}],"author":[{"embeddable":true,"href":"https:\/\/bitcoin-nova.com\/es\/wp-json\/wp\/v2\/users\/2"}],"replies":[{"embeddable":true,"href":"https:\/\/bitcoin-nova.com\/es\/wp-json\/wp\/v2\/comments?post=2092"}],"version-history":[{"count":5,"href":"https:\/\/bitcoin-nova.com\/es\/wp-json\/wp\/v2\/pages\/2092\/revisions"}],"predecessor-version":[{"id":2375,"href":"https:\/\/bitcoin-nova.com\/es\/wp-json\/wp\/v2\/pages\/2092\/revisions\/2375"}],"wp:attachment":[{"href":"https:\/\/bitcoin-nova.com\/es\/wp-json\/wp\/v2\/media?parent=2092"}],"curies":[{"name":"wp","href":"https:\/\/api.w.org\/{rel}","templated":true}]}}