{"id":2877,"date":"2024-05-27T16:57:39","date_gmt":"2024-05-27T16:57:39","guid":{"rendered":"https:\/\/bitcoin-nova.com\/about-us\/"},"modified":"2024-05-31T10:38:01","modified_gmt":"2024-05-31T10:38:01","slug":"about-us","status":"publish","type":"page","link":"https:\/\/bitcoin-nova.com\/de\/about-us\/","title":{"rendered":"\u00dcber uns"},"content":{"rendered":"<div>\n<h1 style=\"text-align: center;\">Das Team hinter Bitcoin Nova<\/h1>\n<p class=\"whitespace-pre-wrap break-words\"><strong>Bitcoin Nova<\/strong> entstand aus einem Team erfahrener H\u00e4ndler und quantitativer Analysten, die hochentwickelte Algorithmen zur Optimierung des Kryptow\u00e4hrungshandels entwickelten. Diese Algorithmen verarbeiten riesige Datenmengen, erkennen Muster und treffen pr\u00e4zise Entscheidungen, um Risiken zu verwalten und Chancen zu nutzen.<\/p>\n<p class=\"whitespace-pre-wrap break-words\">Anf\u00e4nglich f\u00fcr den pers\u00f6nlichen Handel des Teams genutzt, erkannten sie bald das Potenzial von Bitcoin Synergy, den Kryptohandel f\u00fcr alle Investoren zu revolutionieren. Durch die gemeinsame Nutzung ihrer Plattform wollen sie H\u00e4ndlern mit modernster Technologie und datengest\u00fctzten Erkenntnissen zur Seite stehen.<\/p>\n<p class=\"whitespace-pre-wrap break-words\">Bitcoin Synergy kombiniert das Fachwissen erfahrener H\u00e4ndler und erstklassiger quantitativer Analysten, um die komplexen Kryptom\u00e4rkte zu navigieren und den Nutzern best\u00e4ndige Rentabilit\u00e4t zu bieten. Erleben Sie die Kraft fortschrittlicher Algorithmen und exzellenter Handelsleistungen mit <strong>Bitcoin Nova<\/strong>.<\/p>\n<\/div>\n<div style=\"text-align: center;\">\n<h2>Wer sollte Bitcoin Nova nutzen?<\/h2>\n<p class=\"whitespace-pre-wrap break-words\">Bitcoin Nova ist eine hochmoderne Handelsplattform f\u00fcr H\u00e4ndler und Investoren, die einen Wettbewerbsvorteil auf dem unberechenbaren Kryptow\u00e4hrungsmarkt suchen. Mit einer umfassenden Suite von Tools, Echtzeit-Marktintelligenz und fortschrittlichen Analysen bef\u00e4higt Bitcoin Nova seine Nutzer, fundierte Entscheidungen zu treffen und aufkommende Chancen zu nutzen.<\/p>\n<p class=\"whitespace-pre-wrap break-words\">Angetrieben von hochentwickelten Algorithmen und maschinellem Lernen analysiert Bitcoin Nova riesige Mengen an Marktdaten, um Muster und Trends zu erkennen und umsetzbare Erkenntnisse und Vorhersagemodelle zu liefern. Die Plattform bietet anpassbare Handelswerkzeuge, von automatisierten Algorithmen bis hin zu fortschrittlichen Order-Management-Systemen, die es H\u00e4ndlern erm\u00f6glichen, ihre Strategien auf der Grundlage pers\u00f6nlicher Pr\u00e4ferenzen und Risikoprofile zu optimieren.<\/p>\n<p class=\"whitespace-pre-wrap break-words\">Bitcoin Nova bietet auch Bildungsressourcen, Marktanalysen und Expertenwissen, um H\u00e4ndlern zu helfen, sich in der Komplexit\u00e4t des Kryptomarktes zurechtzufinden und fundierte Entscheidungen zu treffen. Egal, ob Sie ein erfahrener Trader oder ein Neuling in der Welt der Kryptow\u00e4hrungen sind, Bitcoin Nova bietet Ihnen die Werkzeuge und das Wissen, das Sie ben\u00f6tigen, um dem Markt voraus zu sein und Ihre finanziellen Ziele zu erreichen.<\/p>\n<\/div>\n<div>\n<\/div>\n","protected":false},"excerpt":{"rendered":"<p>Das Team hinter entstand aus einem Team erfahrener H\u00e4ndler und quantitativer Analysten, die hochentwickelte Algorithmen zur Optimierung des Kryptow\u00e4hrungshandels entwickelten. Diese Algorithmen verarbeiten riesige Datenmengen, erkennen Muster und treffen pr\u00e4zise Entscheidungen, um Risiken zu verwalten und Chancen zu nutzen. Anf\u00e4nglich f\u00fcr den pers\u00f6nlichen Handel des Teams genutzt, erkannten sie bald das Potenzial von Bitcoin Synergy, [&hellip;]<\/p>\n","protected":false},"author":2,"featured_media":0,"parent":0,"menu_order":0,"comment_status":"closed","ping_status":"closed","template":"page-about.php","meta":{"footnotes":""},"class_list":["post-2877","page","type-page","status-publish","hentry"],"yoast_head":"<!-- This site is optimized with the Yoast SEO plugin v23.0 - https:\/\/yoast.com\/wordpress\/plugins\/seo\/ -->\n<title>Bitcoin Nova \u2122 | Offizielle Website 2026 | Beanspruche jetzt!<\/title>\n<meta name=\"robots\" content=\"index, follow, max-snippet:-1, max-image-preview:large, max-video-preview:-1\" \/>\n<meta property=\"og:locale\" content=\"de_DE\" \/>\n<meta property=\"og:site_name\" content=\"Bitcoin Nova\" \/>\n<meta property=\"article:modified_time\" content=\"2024-05-31T10:38:01+00:00\" \/>\n<meta name=\"twitter:card\" content=\"summary_large_image\" \/>\n<meta name=\"twitter:label1\" content=\"Gesch\u00e4tzte Lesezeit\" \/>\n\t<meta name=\"twitter:data1\" content=\"2\u00a0Minuten\" \/>\n<!-- \/ Yoast SEO plugin. -->","yoast_head_json":{"title":"Bitcoin Nova \u2122 | Offizielle Website 2026 | Beanspruche jetzt!","robots":{"index":"index","follow":"follow","max-snippet":"max-snippet:-1","max-image-preview":"max-image-preview:large","max-video-preview":"max-video-preview:-1"},"og_locale":"de_DE","og_site_name":"Bitcoin Nova","article_modified_time":"2024-05-31T10:38:01+00:00","twitter_card":"summary_large_image","twitter_misc":{"Gesch\u00e4tzte Lesezeit":"2\u00a0Minuten"},"schema":{"@context":"https:\/\/schema.org","@graph":[{"@type":"WebPage","@id":"https:\/\/bitcoin-nova.com\/about-us\/","url":"https:\/\/bitcoin-nova.com\/about-us\/","name":"\u00dcber uns - Bitcoin Nova","isPartOf":{"@id":"https:\/\/bitcoin-nova.com\/#website"},"datePublished":"2024-05-27T16:57:39+00:00","dateModified":"2024-05-31T10:38:01+00:00","breadcrumb":{"@id":"https:\/\/bitcoin-nova.com\/about-us\/#breadcrumb"},"inLanguage":"de","potentialAction":[{"@type":"ReadAction","target":["https:\/\/bitcoin-nova.com\/about-us\/"]}]},{"@type":"BreadcrumbList","@id":"https:\/\/bitcoin-nova.com\/about-us\/#breadcrumb","itemListElement":[{"@type":"ListItem","position":1,"name":"Home","item":"https:\/\/bitcoin-nova.com\/"},{"@type":"ListItem","position":2,"name":"\u00dcber uns"}]},{"@type":"WebSite","@id":"https:\/\/bitcoin-nova.com\/#website","url":"https:\/\/bitcoin-nova.com\/","name":"Bitcoin Nova","description":"","potentialAction":[{"@type":"SearchAction","target":{"@type":"EntryPoint","urlTemplate":"https:\/\/bitcoin-nova.com\/?s={search_term_string}"},"query-input":"required name=search_term_string"}],"inLanguage":"de"}]}},"_links":{"self":[{"href":"https:\/\/bitcoin-nova.com\/de\/wp-json\/wp\/v2\/pages\/2877","targetHints":{"allow":["GET"]}}],"collection":[{"href":"https:\/\/bitcoin-nova.com\/de\/wp-json\/wp\/v2\/pages"}],"about":[{"href":"https:\/\/bitcoin-nova.com\/de\/wp-json\/wp\/v2\/types\/page"}],"author":[{"embeddable":true,"href":"https:\/\/bitcoin-nova.com\/de\/wp-json\/wp\/v2\/users\/2"}],"replies":[{"embeddable":true,"href":"https:\/\/bitcoin-nova.com\/de\/wp-json\/wp\/v2\/comments?post=2877"}],"version-history":[{"count":1,"href":"https:\/\/bitcoin-nova.com\/de\/wp-json\/wp\/v2\/pages\/2877\/revisions"}],"predecessor-version":[{"id":2890,"href":"https:\/\/bitcoin-nova.com\/de\/wp-json\/wp\/v2\/pages\/2877\/revisions\/2890"}],"wp:attachment":[{"href":"https:\/\/bitcoin-nova.com\/de\/wp-json\/wp\/v2\/media?parent=2877"}],"curies":[{"name":"wp","href":"https:\/\/api.w.org\/{rel}","templated":true}]}}