{"id":2873,"date":"2024-05-27T16:57:39","date_gmt":"2024-05-27T16:57:39","guid":{"rendered":"https:\/\/bitcoin-nova.com\/about-us\/"},"modified":"2024-05-31T10:37:57","modified_gmt":"2024-05-31T10:37:57","slug":"about-us","status":"publish","type":"page","link":"https:\/\/bitcoin-nova.com\/da\/about-us\/","title":{"rendered":"Om os"},"content":{"rendered":"<div>\n<h1 style=\"text-align: center;\">Holdet bag Bitcoin Nova<\/h1>\n<p class=\"whitespace-pre-wrap break-words\"><strong>Bitcoin Nova<\/strong> blev f\u00f8dt af et team af erfarne tradere og kvantitative analytikere, som udviklede sofistikerede algoritmer til at optimere kryptovalutahandel. Disse algoritmer behandler store m\u00e6ngder data, identificerer m\u00f8nstre og tr\u00e6ffer pr\u00e6cise beslutninger for at styre risikoen og udnytte mulighederne.<\/p>\n<p class=\"whitespace-pre-wrap break-words\">De blev oprindeligt brugt til teamets personlige handel, men de inds\u00e5 hurtigt Bitcoin Synergys potentiale til at revolutionere kryptohandel for alle investorer. Ved at dele deres platform sigter de mod at styrke handlere med banebrydende teknologi og datadrevet indsigt.<\/p>\n<p class=\"whitespace-pre-wrap break-words\">Bitcoin Synergy kombinerer ekspertisen fra erfarne tradere og de bedste kvantitative analytikere til at navigere p\u00e5 de komplekse kryptomarkeder og levere konsekvent rentabilitet til brugerne. Oplev kraften i avancerede algoritmer og fremragende handel med <strong>Bitcoin Nova.<\/strong><\/p>\n<\/div>\n<div style=\"text-align: center;\">\n<h2>Hvem b\u00f8r bruge Bitcoin Nova?<\/h2>\n<p class=\"whitespace-pre-wrap break-words\">Bitcoin Nova er en banebrydende handelsplatform, der er designet til tradere og investorer, der s\u00f8ger en konkurrencefordel p\u00e5 det uforudsigelige kryptovalutamarked. Med en omfattende pakke af v\u00e6rkt\u00f8jer, markedsinformation i realtid og avancerede analyser giver Bitcoin Nova brugerne mulighed for at tr\u00e6ffe informerede beslutninger og udnytte nye muligheder.<\/p>\n<p class=\"whitespace-pre-wrap break-words\">Bitcoin Nova er drevet af sofistikerede algoritmer og maskinl\u00e6ring og analyserer store m\u00e6ngder markedsdata for at identificere m\u00f8nstre og tendenser, hvilket giver handlingsorienteret indsigt og forudsigelige modeller. Platformen tilbyder handelsv\u00e6rkt\u00f8jer, der kan tilpasses, fra automatiserede algoritmer til avancerede ordrestyringssystemer, s\u00e5 de handlende kan optimere deres strategier baseret p\u00e5 personlige pr\u00e6ferencer og risikoprofiler.<\/p>\n<p class=\"whitespace-pre-wrap break-words\">Bitcoin Nova tilbyder ogs\u00e5 uddannelsesressourcer, markedsanalyser og ekspertindsigter for at hj\u00e6lpe tradere med at navigere i kryptomarkedets kompleksitet og tr\u00e6ffe informerede beslutninger. Uanset om du er en erfaren trader eller ny i kryptovalutaverdenen, tilbyder Bitcoin Nova de v\u00e6rkt\u00f8jer og den viden, der er n\u00f8dvendig for at v\u00e6re p\u00e5 forkant med markedet og n\u00e5 dine finansielle m\u00e5l.<\/p>\n<\/div>\n<div>\n<\/div>\n","protected":false},"excerpt":{"rendered":"<p>Holdet bag blev f\u00f8dt af et team af erfarne tradere og kvantitative analytikere, som udviklede sofistikerede algoritmer til at optimere kryptovalutahandel. Disse algoritmer behandler store m\u00e6ngder data, identificerer m\u00f8nstre og tr\u00e6ffer pr\u00e6cise beslutninger for at styre risikoen og udnytte mulighederne. De blev oprindeligt brugt til teamets personlige handel, men de inds\u00e5 hurtigt Bitcoin Synergys potentiale [&hellip;]<\/p>\n","protected":false},"author":2,"featured_media":0,"parent":0,"menu_order":0,"comment_status":"closed","ping_status":"closed","template":"page-about.php","meta":{"footnotes":""},"class_list":["post-2873","page","type-page","status-publish","hentry"],"yoast_head":"<!-- This site is optimized with the Yoast SEO plugin v23.0 - https:\/\/yoast.com\/wordpress\/plugins\/seo\/ -->\n<title>Bitcoin Nova \u2122 | Offici\u00eble website 2026 | Claim nu!<\/title>\n<meta name=\"robots\" content=\"index, follow, max-snippet:-1, max-image-preview:large, max-video-preview:-1\" \/>\n<meta property=\"og:locale\" content=\"da_DK\" \/>\n<meta property=\"og:site_name\" content=\"Bitcoin Nova\" \/>\n<meta property=\"article:modified_time\" content=\"2024-05-31T10:37:57+00:00\" \/>\n<meta name=\"twitter:card\" content=\"summary_large_image\" \/>\n<meta name=\"twitter:label1\" content=\"Estimeret l\u00e6setid\" \/>\n\t<meta name=\"twitter:data1\" content=\"1 minut\" \/>\n<!-- \/ Yoast SEO plugin. -->","yoast_head_json":{"title":"Bitcoin Nova \u2122 | Offici\u00eble website 2026 | Claim nu!","robots":{"index":"index","follow":"follow","max-snippet":"max-snippet:-1","max-image-preview":"max-image-preview:large","max-video-preview":"max-video-preview:-1"},"og_locale":"da_DK","og_site_name":"Bitcoin Nova","article_modified_time":"2024-05-31T10:37:57+00:00","twitter_card":"summary_large_image","twitter_misc":{"Estimeret l\u00e6setid":"1 minut"},"schema":{"@context":"https:\/\/schema.org","@graph":[{"@type":"WebPage","@id":"https:\/\/bitcoin-nova.com\/about-us\/","url":"https:\/\/bitcoin-nova.com\/about-us\/","name":"Om os - Bitcoin Nova","isPartOf":{"@id":"https:\/\/bitcoin-nova.com\/#website"},"datePublished":"2024-05-27T16:57:39+00:00","dateModified":"2024-05-31T10:37:57+00:00","breadcrumb":{"@id":"https:\/\/bitcoin-nova.com\/about-us\/#breadcrumb"},"inLanguage":"da-DK","potentialAction":[{"@type":"ReadAction","target":["https:\/\/bitcoin-nova.com\/about-us\/"]}]},{"@type":"BreadcrumbList","@id":"https:\/\/bitcoin-nova.com\/about-us\/#breadcrumb","itemListElement":[{"@type":"ListItem","position":1,"name":"Home","item":"https:\/\/bitcoin-nova.com\/"},{"@type":"ListItem","position":2,"name":"Om os"}]},{"@type":"WebSite","@id":"https:\/\/bitcoin-nova.com\/#website","url":"https:\/\/bitcoin-nova.com\/","name":"Bitcoin Nova","description":"","potentialAction":[{"@type":"SearchAction","target":{"@type":"EntryPoint","urlTemplate":"https:\/\/bitcoin-nova.com\/?s={search_term_string}"},"query-input":"required name=search_term_string"}],"inLanguage":"da-DK"}]}},"_links":{"self":[{"href":"https:\/\/bitcoin-nova.com\/da\/wp-json\/wp\/v2\/pages\/2873","targetHints":{"allow":["GET"]}}],"collection":[{"href":"https:\/\/bitcoin-nova.com\/da\/wp-json\/wp\/v2\/pages"}],"about":[{"href":"https:\/\/bitcoin-nova.com\/da\/wp-json\/wp\/v2\/types\/page"}],"author":[{"embeddable":true,"href":"https:\/\/bitcoin-nova.com\/da\/wp-json\/wp\/v2\/users\/2"}],"replies":[{"embeddable":true,"href":"https:\/\/bitcoin-nova.com\/da\/wp-json\/wp\/v2\/comments?post=2873"}],"version-history":[{"count":1,"href":"https:\/\/bitcoin-nova.com\/da\/wp-json\/wp\/v2\/pages\/2873\/revisions"}],"predecessor-version":[{"id":2886,"href":"https:\/\/bitcoin-nova.com\/da\/wp-json\/wp\/v2\/pages\/2873\/revisions\/2886"}],"wp:attachment":[{"href":"https:\/\/bitcoin-nova.com\/da\/wp-json\/wp\/v2\/media?parent=2873"}],"curies":[{"name":"wp","href":"https:\/\/api.w.org\/{rel}","templated":true}]}}