{"id":2084,"date":"2024-05-27T16:58:01","date_gmt":"2024-05-27T16:58:01","guid":{"rendered":"https:\/\/loc.bitcoin-nova.com\/contact-us\/"},"modified":"2024-05-30T17:26:17","modified_gmt":"2024-05-30T17:26:17","slug":"contact-us","status":"publish","type":"page","link":"https:\/\/bitcoin-nova.com\/da\/contact-us\/","title":{"rendered":"Kontakt os"},"content":{"rendered":"<div>\n<h1>Kontakt  Bitcoin Nova<\/h1>\n<p>Uanset om du har sp\u00f8rgsm\u00e5l, brug for hj\u00e6lp eller \u00f8nsker at give feedback, er vores team her for at hj\u00e6lpe. Brug venligst nedenst\u00e5ende oplysninger til at komme i kontakt med os.<\/p>\n<\/div>\n<div>\n<h4>Postadresse<\/h4>\n<p><span data-sheets-formula-bar-text-style=\"font-size:13px;color:#000000;font-weight:normal;text-decoration:none;font-family:'Arial';font-style:normal;text-decoration-skip-ink:none;\">Friesenpl. 4\/Etage 6<\/span><br \/>\n<span data-sheets-formula-bar-text-style=\"font-size:13px;color:#000000;font-weight:normal;text-decoration:none;font-family:'Arial';font-style:normal;text-decoration-skip-ink:none;\">K\u00f6ln<\/span><br \/>\n<span data-sheets-formula-bar-text-style=\"font-size:13px;color:#000000;font-weight:normal;text-decoration:none;font-family:'Arial';font-style:normal;text-decoration-skip-ink:none;\">Tyskland<\/span><br \/>\n<span data-sheets-formula-bar-text-style=\"font-size:13px;color:#000000;font-weight:normal;text-decoration:none;font-family:'Arial';font-style:normal;text-decoration-skip-ink:none;\">50672<\/span><\/p>\n<h4>Forretningsforesp\u00f8rgsler<\/h4>\n<p>For partnerskabsmuligheder, medieforesp\u00f8rgsler eller andre forretningsrelaterede sp\u00f8rgsm\u00e5l, kontakt os venligst p\u00e5:<br \/>\n<a href=\"mailto:business@bitcoin-nova.com\">business@bitcoin-nova.com<\/a><\/p>\n<h4>Support via e-mail<\/h4>\n<p>Hvis du har sp\u00f8rgsm\u00e5l eller \u00f8nsker om support, kan du sende en e-mail til os:<br \/>\n<a href=\"mailto:support@bitcoin-nova.com\">support@bitcoin-nova.com<\/a><\/p>\n<\/div>\n","protected":false},"excerpt":{"rendered":"<p>Kontakt Uanset om du har sp\u00f8rgsm\u00e5l, brug for hj\u00e6lp eller \u00f8nsker at give feedback, er vores team her for at hj\u00e6lpe. Brug venligst nedenst\u00e5ende oplysninger til at komme i kontakt med os. Postadresse Friesenpl. 4\/Etage 6 K\u00f6ln Tyskland 50672 Forretningsforesp\u00f8rgsler For partnerskabsmuligheder, medieforesp\u00f8rgsler eller andre forretningsrelaterede sp\u00f8rgsm\u00e5l, kontakt os venligst p\u00e5: business@bitcoin-nova.com Support via e-mail [&hellip;]<\/p>\n","protected":false},"author":2,"featured_media":0,"parent":0,"menu_order":0,"comment_status":"closed","ping_status":"closed","template":"page-contact.php","meta":{"footnotes":""},"class_list":["post-2084","page","type-page","status-publish","hentry"],"yoast_head":"<!-- This site is optimized with the Yoast SEO plugin v23.0 - https:\/\/yoast.com\/wordpress\/plugins\/seo\/ -->\n<title>Bitcoin Nova \u2122 | Offici\u00eble website 2026 | Claim nu!<\/title>\n<meta name=\"robots\" content=\"index, follow, max-snippet:-1, max-image-preview:large, max-video-preview:-1\" \/>\n<meta property=\"og:locale\" content=\"da_DK\" \/>\n<meta property=\"og:site_name\" content=\"Bitcoin Nova\" \/>\n<meta property=\"article:modified_time\" content=\"2024-05-30T17:26:17+00:00\" \/>\n<meta name=\"twitter:card\" content=\"summary_large_image\" \/>\n<meta name=\"twitter:label1\" content=\"Estimeret l\u00e6setid\" \/>\n\t<meta name=\"twitter:data1\" content=\"1 minut\" \/>\n<!-- \/ Yoast SEO plugin. -->","yoast_head_json":{"title":"Bitcoin Nova \u2122 | Offici\u00eble website 2026 | Claim nu!","robots":{"index":"index","follow":"follow","max-snippet":"max-snippet:-1","max-image-preview":"max-image-preview:large","max-video-preview":"max-video-preview:-1"},"og_locale":"da_DK","og_site_name":"Bitcoin Nova","article_modified_time":"2024-05-30T17:26:17+00:00","twitter_card":"summary_large_image","twitter_misc":{"Estimeret l\u00e6setid":"1 minut"},"schema":{"@context":"https:\/\/schema.org","@graph":[{"@type":"WebPage","@id":"https:\/\/bitcoin-nova.com\/da\/contact-us\/","url":"https:\/\/bitcoin-nova.com\/da\/contact-us\/","name":"Kontakt os - Bitcoin Nova","isPartOf":{"@id":"https:\/\/bitcoin-nova.com\/#website"},"datePublished":"2024-05-27T16:58:01+00:00","dateModified":"2024-05-30T17:26:17+00:00","breadcrumb":{"@id":"https:\/\/bitcoin-nova.com\/da\/contact-us\/#breadcrumb"},"inLanguage":"da-DK","potentialAction":[{"@type":"ReadAction","target":["https:\/\/bitcoin-nova.com\/da\/contact-us\/"]}]},{"@type":"BreadcrumbList","@id":"https:\/\/bitcoin-nova.com\/da\/contact-us\/#breadcrumb","itemListElement":[{"@type":"ListItem","position":1,"name":"Home","item":"https:\/\/bitcoin-nova.com\/"},{"@type":"ListItem","position":2,"name":"Kontakt os"}]},{"@type":"WebSite","@id":"https:\/\/bitcoin-nova.com\/#website","url":"https:\/\/bitcoin-nova.com\/","name":"Bitcoin Nova","description":"","potentialAction":[{"@type":"SearchAction","target":{"@type":"EntryPoint","urlTemplate":"https:\/\/bitcoin-nova.com\/?s={search_term_string}"},"query-input":"required name=search_term_string"}],"inLanguage":"da-DK"}]}},"_links":{"self":[{"href":"https:\/\/bitcoin-nova.com\/da\/wp-json\/wp\/v2\/pages\/2084","targetHints":{"allow":["GET"]}}],"collection":[{"href":"https:\/\/bitcoin-nova.com\/da\/wp-json\/wp\/v2\/pages"}],"about":[{"href":"https:\/\/bitcoin-nova.com\/da\/wp-json\/wp\/v2\/types\/page"}],"author":[{"embeddable":true,"href":"https:\/\/bitcoin-nova.com\/da\/wp-json\/wp\/v2\/users\/2"}],"replies":[{"embeddable":true,"href":"https:\/\/bitcoin-nova.com\/da\/wp-json\/wp\/v2\/comments?post=2084"}],"version-history":[{"count":6,"href":"https:\/\/bitcoin-nova.com\/da\/wp-json\/wp\/v2\/pages\/2084\/revisions"}],"predecessor-version":[{"id":2534,"href":"https:\/\/bitcoin-nova.com\/da\/wp-json\/wp\/v2\/pages\/2084\/revisions\/2534"}],"wp:attachment":[{"href":"https:\/\/bitcoin-nova.com\/da\/wp-json\/wp\/v2\/media?parent=2084"}],"curies":[{"name":"wp","href":"https:\/\/api.w.org\/{rel}","templated":true}]}}